{"id":5266,"date":"2021-07-18T08:03:35","date_gmt":"2021-07-18T08:03:35","guid":{"rendered":"https:\/\/nuss.uxper.co\/luxury-resort\/?page_id=5266"},"modified":"2025-03-03T16:21:11","modified_gmt":"2025-03-03T16:21:11","slug":"chi-siamo","status":"publish","type":"page","link":"https:\/\/heyitanghotelshanghai.com\/it\/chi-siamo\/","title":{"rendered":"Chi siamo"},"content":{"rendered":"<div data-elementor-type=\"wp-page\" data-elementor-id=\"5266\" class=\"elementor elementor-5266\">\n\t\t\t\t\t\t<section class=\"elementor-section elementor-top-section elementor-element elementor-element-10416953 elementor-section-boxed elementor-section-gap-beside-yes elementor-section-height-default elementor-section-height-default elementor-section-column-vertical-align-stretch\" data-id=\"10416953\" data-element_type=\"section\" data-e-type=\"section\">\n\t\t\t\t\t\t<div class=\"elementor-container elementor-column-gap-extended\">\n\t\t\t\t\t<div class=\"elementor-column elementor-col-100 elementor-top-column elementor-element elementor-element-29c6aa8\" data-id=\"29c6aa8\" data-element_type=\"column\" data-e-type=\"column\">\n\t\t\t<div class=\"elementor-widget-wrap elementor-element-populated\">\n\t\t\t\t\t\t<div class=\"elementor-element elementor-element-7be18fe7 elementor-widget__width-initial elementor-invisible elementor-widget elementor-widget-text-editor\" data-id=\"7be18fe7\" data-element_type=\"widget\" data-e-type=\"widget\" data-settings=\"{&quot;_animation&quot;:&quot;nussFadeInUp&quot;}\" data-widget_type=\"text-editor.default\">\n\t\t\t\t<div class=\"elementor-widget-container\">\n\t\t\t\t\t\t\t\t\t<p>Adagiato all&#039;incrocio tra immaginazione e tradizione, <strong>Heyitang Hotel Shanghai International Tourism Resort<\/strong> Ridefinisce l&#039;ospitalit\u00e0 di lusso come porta d&#039;accesso sia alla magia di Shanghai Disneyland che alla profonda serenit\u00e0 della cultura Jiangnan. Pi\u00f9 che un hotel, \u00e8 un universo meticolosamente progettato in cui ogni dettaglio, dalla curvatura dell&#039;architettura ispirata alla pagoda sul tetto al sussurro dei corridoi rivestiti di seta, invita gli ospiti a intraprendere un viaggio che trascende l&#039;ordinario.<\/p>\t\t\t\t\t\t\t\t<\/div>\n\t\t\t\t<\/div>\n\t\t\t\t\t<\/div>\n\t\t<\/div>\n\t\t\t\t\t<\/div>\n\t\t<\/section>\n\t\t\t\t<section class=\"elementor-section elementor-top-section elementor-element elementor-element-7d18327f elementor-section-boxed elementor-section-gap-beside-yes elementor-section-height-default elementor-section-height-default elementor-section-column-vertical-align-stretch\" data-id=\"7d18327f\" data-element_type=\"section\" data-e-type=\"section\">\n\t\t\t\t\t\t<div class=\"elementor-container elementor-column-gap-extended\">\n\t\t\t\t\t<div class=\"elementor-column elementor-col-50 elementor-top-column elementor-element elementor-element-56533670\" data-id=\"56533670\" data-element_type=\"column\" data-e-type=\"column\">\n\t\t\t<div class=\"elementor-widget-wrap elementor-element-populated\">\n\t\t\t\t\t\t<div class=\"elementor-element elementor-element-6da4402 elementor-widget elementor-widget-text-editor\" data-id=\"6da4402\" data-element_type=\"widget\" data-e-type=\"widget\" data-widget_type=\"text-editor.default\">\n\t\t\t\t<div class=\"elementor-widget-container\">\n\t\t\t\t\t\t\t\t\t<p>Come un&#039;ode contemporanea al passato di Shanghai, l&#039;architettura dell&#039;hotel armonizza l&#039;elegante modernit\u00e0 dei pannelli in vetro con sottili richiami all&#039;estetica classica cinese. La hall abbaglia con un&#039;installazione di arte cinetica composta da 1.000 frammenti di porcellana sospesi a imitare l&#039;acqua che scorre \u2013 una metafora del fiume Huangpu \u2013 mentre i cortili punteggiati da rocce di studiosi e giardini di bonsai rendono omaggio ai paesaggi classici di Suzhou. Le camere e le suite, immerse nei tenui toni della terra e impreziosite da schermi laccati, sono dotate di specchi intelligenti che fungono anche da pannelli di controllo interattivi, fondendo perfettamente tradizione e tecnologia all&#039;avanguardia.<\/p>\t\t\t\t\t\t\t\t<\/div>\n\t\t\t\t<\/div>\n\t\t\t\t\t<\/div>\n\t\t<\/div>\n\t\t\t\t<div class=\"elementor-column elementor-col-50 elementor-top-column elementor-element elementor-element-30f14127\" data-id=\"30f14127\" data-element_type=\"column\" data-e-type=\"column\">\n\t\t\t<div class=\"elementor-widget-wrap elementor-element-populated\">\n\t\t\t\t\t\t<div class=\"elementor-element elementor-element-350da02e elementor-invisible nuss-elementor-loading nuss-slide-in-left elementor-widget elementor-widget-image\" data-id=\"350da02e\" data-element_type=\"widget\" data-e-type=\"widget\" data-settings=\"{&quot;_animation&quot;:&quot;nussSlideInLeft&quot;}\" data-widget_type=\"image.default\">\n\t\t\t\t<div class=\"elementor-widget-container\">\n\t\t\t\t\t\t\t\t\t\t\t\t\t\t\t<img fetchpriority=\"high\" decoding=\"async\" width=\"640\" height=\"853\" src=\"https:\/\/heyitanghotelshanghai.com\/wp-content\/uploads\/2025\/03\/reservation.jpg\" class=\"attachment-full size-full wp-image-5704\" alt=\"\" srcset=\"https:\/\/heyitanghotelshanghai.com\/wp-content\/uploads\/2025\/03\/reservation.jpg 640w, https:\/\/heyitanghotelshanghai.com\/wp-content\/uploads\/2025\/03\/reservation-225x300.jpg 225w\" sizes=\"(max-width: 640px) 100vw, 640px\" \/>\t\t\t\t\t\t\t\t\t\t\t\t\t\t\t<\/div>\n\t\t\t\t<\/div>\n\t\t\t\t\t<\/div>\n\t\t<\/div>\n\t\t\t\t\t<\/div>\n\t\t<\/section>\n\t\t\t\t<section class=\"elementor-section elementor-top-section elementor-element elementor-element-29fb8578 elementor-section-height-min-height elementor-section-stretched elementor-section-full_width elementor-section-items-stretch elementor-section-height-default elementor-section-column-vertical-align-stretch\" data-id=\"29fb8578\" data-element_type=\"section\" data-e-type=\"section\" data-settings=\"{&quot;stretch_section&quot;:&quot;section-stretched&quot;}\">\n\t\t\t\t\t\t<div class=\"elementor-container elementor-column-gap-no\">\n\t\t\t\t\t<div class=\"elementor-column elementor-col-50 elementor-top-column elementor-element elementor-element-40ac270b\" data-id=\"40ac270b\" data-element_type=\"column\" data-e-type=\"column\">\n\t\t\t<div class=\"elementor-widget-wrap elementor-element-populated\">\n\t\t\t\t\t\t<div class=\"elementor-element elementor-element-20872773 elementor-widget__width-initial elementor-widget-mobile__width-inherit elementor-invisible nuss-elementor-loading nuss-slide-in-right elementor-widget elementor-widget-image\" data-id=\"20872773\" data-element_type=\"widget\" data-e-type=\"widget\" data-settings=\"{&quot;_animation&quot;:&quot;nussSlideInRight&quot;}\" data-widget_type=\"image.default\">\n\t\t\t\t<div class=\"elementor-widget-container\">\n\t\t\t\t\t\t\t\t\t\t\t\t\t\t\t<img decoding=\"async\" width=\"320\" height=\"213\" src=\"https:\/\/heyitanghotelshanghai.com\/wp-content\/uploads\/2025\/03\/Heyitang-Hotel-Shanghai-International-Tourism-Resort-Restaurant-6.webp\" class=\"attachment-full size-full wp-image-5640\" alt=\"\" srcset=\"https:\/\/heyitanghotelshanghai.com\/wp-content\/uploads\/2025\/03\/Heyitang-Hotel-Shanghai-International-Tourism-Resort-Restaurant-6.webp 320w, https:\/\/heyitanghotelshanghai.com\/wp-content\/uploads\/2025\/03\/Heyitang-Hotel-Shanghai-International-Tourism-Resort-Restaurant-6-300x200.webp 300w\" sizes=\"(max-width: 320px) 100vw, 320px\" \/>\t\t\t\t\t\t\t\t\t\t\t\t\t\t\t<\/div>\n\t\t\t\t<\/div>\n\t\t\t\t\t<\/div>\n\t\t<\/div>\n\t\t\t\t<div class=\"elementor-column elementor-col-50 elementor-top-column elementor-element elementor-element-2dac103\" data-id=\"2dac103\" data-element_type=\"column\" data-e-type=\"column\">\n\t\t\t<div class=\"elementor-widget-wrap elementor-element-populated\">\n\t\t\t\t\t\t<div class=\"elementor-element elementor-element-7df0054f elementor-invisible elementor-widget elementor-widget-nuss-heading\" data-id=\"7df0054f\" data-element_type=\"widget\" data-e-type=\"widget\" data-settings=\"{&quot;_animation&quot;:&quot;nussFadeInUp&quot;}\" data-widget_type=\"nuss-heading.default\">\n\t\t\t\t<div class=\"elementor-widget-container\">\n\t\t\t\t\t\t\t<div class=\"nuss-modern-heading\">\r\n\t\t\t\r\n\t\t\t\t\t\t<div class=\"heading-primary-wrap\">\r\n\t\t\t\t<h4 class=\"heading-primary elementor-heading-title\">Posizione<\/h4>\t\t\t<\/div>\r\n\t\t\r\n\t\t\t\t\t\t<div class=\"heading-divider-wrap\">\r\n\t\t\t\t<div class=\"heading-divider\" style=\"left: 0px;top: 6px\"><\/div>\r\n\t\t\t<\/div>\r\n\t\r\n\t\t\t\t\t<\/div>\r\n\t\t\t\t\t<\/div>\n\t\t\t\t<\/div>\n\t\t\t\t<div class=\"elementor-element elementor-element-1ab88d95 elementor-invisible elementor-widget elementor-widget-heading\" data-id=\"1ab88d95\" data-element_type=\"widget\" data-e-type=\"widget\" data-settings=\"{&quot;_animation&quot;:&quot;nussFadeInUp&quot;}\" data-widget_type=\"heading.default\">\n\t\t\t\t<div class=\"elementor-widget-container\">\n\t\t\t\t\t<h3 class=\"elementor-heading-title elementor-size-default\">Al polso della scoperta\n<\/h3>\t\t\t\t<\/div>\n\t\t\t\t<\/div>\n\t\t\t\t<div class=\"elementor-element elementor-element-6f1b8966 elementor-invisible elementor-widget elementor-widget-text-editor\" data-id=\"6f1b8966\" data-element_type=\"widget\" data-e-type=\"widget\" data-settings=\"{&quot;_animation&quot;:&quot;nussFadeInUp&quot;}\" data-widget_type=\"text-editor.default\">\n\t\t\t\t<div class=\"elementor-widget-container\">\n\t\t\t\t\t\t\t\t\t<p>Situato a soli 500 metri dagli stravaganti cancelli di Shanghai Disneyland e a breve distanza in auto dai vivaci centri di innovazione di Pudong, l&#039;Heyitang Hotel \u00e8 un punto di partenza strategico per gli esploratori. L&#039;hotel <strong>Concierge della scoperta<\/strong> Il team cura itinerari personalizzati, che si tratti di garantire l&#039;accesso VIP agli eventi Disney dopo l&#039;orario di chiusura, di organizzare tour privati dei canali di epoca Ming della vicina citt\u00e0 antica di Qibao o di organizzare tour in elicottero sopra lo skyline illuminato al neon di Lujiazui. Un servizio navetta dedicato garantisce collegamenti senza problemi, mentre la piscina a sfioro sul tetto dell&#039;hotel offre un punto di osservazione surreale per ammirare i fuochi d&#039;artificio Disney che colorano il cielo notturno.<\/p>\t\t\t\t\t\t\t\t<\/div>\n\t\t\t\t<\/div>\n\t\t\t\t\t<\/div>\n\t\t<\/div>\n\t\t\t\t\t<\/div>\n\t\t<\/section>\n\t\t\t\t<section class=\"elementor-section elementor-top-section elementor-element elementor-element-72f42d0 elementor-section-height-min-height elementor-section-stretched elementor-section-full_width elementor-section-items-stretch elementor-section-height-default elementor-section-column-vertical-align-stretch\" data-id=\"72f42d0\" data-element_type=\"section\" data-e-type=\"section\" data-settings=\"{&quot;stretch_section&quot;:&quot;section-stretched&quot;}\">\n\t\t\t\t\t\t<div class=\"elementor-container elementor-column-gap-no\">\n\t\t\t\t\t<div class=\"elementor-column elementor-col-50 elementor-top-column elementor-element elementor-element-dff2c20\" data-id=\"dff2c20\" data-element_type=\"column\" data-e-type=\"column\">\n\t\t\t<div class=\"elementor-widget-wrap elementor-element-populated\">\n\t\t\t\t\t\t<div class=\"elementor-element elementor-element-1622e47 elementor-invisible elementor-widget elementor-widget-nuss-heading\" data-id=\"1622e47\" data-element_type=\"widget\" data-e-type=\"widget\" data-settings=\"{&quot;_animation&quot;:&quot;nussFadeInUp&quot;}\" data-widget_type=\"nuss-heading.default\">\n\t\t\t\t<div class=\"elementor-widget-container\">\n\t\t\t\t\t\t\t<div class=\"nuss-modern-heading\">\r\n\t\t\t\r\n\t\t\t\t\t\t<div class=\"heading-primary-wrap\">\r\n\t\t\t\t<h4 class=\"heading-primary elementor-heading-title\">Posizione<\/h4>\t\t\t<\/div>\r\n\t\t\r\n\t\t\t\t\t\t<div class=\"heading-divider-wrap\">\r\n\t\t\t\t<div class=\"heading-divider\" style=\"left: 0px;top: 6px\"><\/div>\r\n\t\t\t<\/div>\r\n\t\r\n\t\t\t\t\t<\/div>\r\n\t\t\t\t\t<\/div>\n\t\t\t\t<\/div>\n\t\t\t\t<div class=\"elementor-element elementor-element-4c391cd elementor-invisible elementor-widget elementor-widget-heading\" data-id=\"4c391cd\" data-element_type=\"widget\" data-e-type=\"widget\" data-settings=\"{&quot;_animation&quot;:&quot;nussFadeInUp&quot;}\" data-widget_type=\"heading.default\">\n\t\t\t\t<div class=\"elementor-widget-container\">\n\t\t\t\t\t<h3 class=\"elementor-heading-title elementor-size-default\">Esperienze pensate per ogni viaggiatore\n<\/h3>\t\t\t\t<\/div>\n\t\t\t\t<\/div>\n\t\t\t\t<div class=\"elementor-element elementor-element-7249838 elementor-invisible elementor-widget elementor-widget-text-editor\" data-id=\"7249838\" data-element_type=\"widget\" data-e-type=\"widget\" data-settings=\"{&quot;_animation&quot;:&quot;nussFadeInUp&quot;}\" data-widget_type=\"text-editor.default\">\n\t\t\t\t<div class=\"elementor-widget-container\">\n\t\t\t\t\t\t\t\t\t<ul><li><strong>Per le famiglie<\/strong>: IL\u00a0<em>Club per bambini Enchanted Garden<\/em>\u00a0immerge i bambini in sessioni di narrazione interattiva e laboratori di artigianato tradizionale, dalla creazione di lanterne alla calligrafia, mentre i genitori si rilassano nella sala riservata agli adulti\u00a0<em>Jade Serenity Lounge<\/em>.<\/li><li><strong>Per le coppie<\/strong>: IL\u00a0<em>Padiglione illuminato dalla luna<\/em>\u00a0offre cene private sotto un baldacchino di lanterne di carta luminose, seguite da una selezione curata\u00a0<em>\u201cRomanticismo stellare\u201d<\/em>\u00a0pacchetto con sessioni di tai chi per coppie all&#039;alba.<\/li><li><strong>Per gli appassionati di cultura<\/strong>: Settimanale\u00a0<em>\u201cImmersione a Jiangnan\u201d<\/em>\u00a0I programmi includono dimostrazioni di tessitura della seta da parte di artigiani locali e degustazioni guidate di t\u00e8 con rare annate di Pu&#039;er.<\/li><\/ul>\t\t\t\t\t\t\t\t<\/div>\n\t\t\t\t<\/div>\n\t\t\t\t\t<\/div>\n\t\t<\/div>\n\t\t\t\t<div class=\"elementor-column elementor-col-50 elementor-top-column elementor-element elementor-element-3295596\" data-id=\"3295596\" data-element_type=\"column\" data-e-type=\"column\">\n\t\t\t<div class=\"elementor-widget-wrap elementor-element-populated\">\n\t\t\t\t\t\t<div class=\"elementor-element elementor-element-55a248e elementor-widget__width-initial elementor-widget-mobile__width-inherit elementor-invisible nuss-elementor-loading nuss-slide-in-right elementor-widget elementor-widget-image\" data-id=\"55a248e\" data-element_type=\"widget\" data-e-type=\"widget\" data-settings=\"{&quot;_animation&quot;:&quot;nussSlideInRight&quot;}\" data-widget_type=\"image.default\">\n\t\t\t\t<div class=\"elementor-widget-container\">\n\t\t\t\t\t\t\t\t\t\t\t\t\t\t\t<img decoding=\"async\" width=\"1233\" height=\"853\" src=\"https:\/\/heyitanghotelshanghai.com\/wp-content\/uploads\/2021\/06\/Lotus-Pond-Moonlight-Executive-Double-Bed-Room.webp\" class=\"attachment-full size-full wp-image-5598\" alt=\"\" srcset=\"https:\/\/heyitanghotelshanghai.com\/wp-content\/uploads\/2021\/06\/Lotus-Pond-Moonlight-Executive-Double-Bed-Room.webp 1233w, https:\/\/heyitanghotelshanghai.com\/wp-content\/uploads\/2021\/06\/Lotus-Pond-Moonlight-Executive-Double-Bed-Room-300x208.webp 300w, https:\/\/heyitanghotelshanghai.com\/wp-content\/uploads\/2021\/06\/Lotus-Pond-Moonlight-Executive-Double-Bed-Room-1024x708.webp 1024w, https:\/\/heyitanghotelshanghai.com\/wp-content\/uploads\/2021\/06\/Lotus-Pond-Moonlight-Executive-Double-Bed-Room-768x531.webp 768w\" sizes=\"(max-width: 1233px) 100vw, 1233px\" \/>\t\t\t\t\t\t\t\t\t\t\t\t\t\t\t<\/div>\n\t\t\t\t<\/div>\n\t\t\t\t\t<\/div>\n\t\t<\/div>\n\t\t\t\t\t<\/div>\n\t\t<\/section>\n\t\t\t\t<section class=\"elementor-section elementor-top-section elementor-element elementor-element-fb879b7 elementor-section-height-min-height elementor-section-stretched elementor-section-full_width elementor-section-items-stretch elementor-section-height-default elementor-section-column-vertical-align-stretch\" data-id=\"fb879b7\" data-element_type=\"section\" data-e-type=\"section\" data-settings=\"{&quot;stretch_section&quot;:&quot;section-stretched&quot;}\">\n\t\t\t\t\t\t<div class=\"elementor-container elementor-column-gap-no\">\n\t\t\t\t\t<div class=\"elementor-column elementor-col-50 elementor-top-column elementor-element elementor-element-3e6b76f\" data-id=\"3e6b76f\" data-element_type=\"column\" data-e-type=\"column\">\n\t\t\t<div class=\"elementor-widget-wrap elementor-element-populated\">\n\t\t\t\t\t\t<div class=\"elementor-element elementor-element-059c394 elementor-widget__width-initial elementor-widget-mobile__width-inherit elementor-invisible nuss-elementor-loading nuss-slide-in-right elementor-widget elementor-widget-image\" data-id=\"059c394\" data-element_type=\"widget\" data-e-type=\"widget\" data-settings=\"{&quot;_animation&quot;:&quot;nussSlideInRight&quot;}\" data-widget_type=\"image.default\">\n\t\t\t\t<div class=\"elementor-widget-container\">\n\t\t\t\t\t\t\t\t\t\t\t\t\t\t\t<img loading=\"lazy\" decoding=\"async\" width=\"1280\" height=\"853\" src=\"https:\/\/heyitanghotelshanghai.com\/wp-content\/uploads\/2025\/03\/Heyitang-Hotel-Shanghai-International-Tourism-Resort-front.jpg\" class=\"attachment-full size-full wp-image-5701\" alt=\"\" srcset=\"https:\/\/heyitanghotelshanghai.com\/wp-content\/uploads\/2025\/03\/Heyitang-Hotel-Shanghai-International-Tourism-Resort-front.jpg 1280w, https:\/\/heyitanghotelshanghai.com\/wp-content\/uploads\/2025\/03\/Heyitang-Hotel-Shanghai-International-Tourism-Resort-front-300x200.jpg 300w, https:\/\/heyitanghotelshanghai.com\/wp-content\/uploads\/2025\/03\/Heyitang-Hotel-Shanghai-International-Tourism-Resort-front-1024x682.jpg 1024w, https:\/\/heyitanghotelshanghai.com\/wp-content\/uploads\/2025\/03\/Heyitang-Hotel-Shanghai-International-Tourism-Resort-front-768x512.jpg 768w\" sizes=\"(max-width: 1280px) 100vw, 1280px\" \/>\t\t\t\t\t\t\t\t\t\t\t\t\t\t\t<\/div>\n\t\t\t\t<\/div>\n\t\t\t\t\t<\/div>\n\t\t<\/div>\n\t\t\t\t<div class=\"elementor-column elementor-col-50 elementor-top-column elementor-element elementor-element-4762867\" data-id=\"4762867\" data-element_type=\"column\" data-e-type=\"column\">\n\t\t\t<div class=\"elementor-widget-wrap elementor-element-populated\">\n\t\t\t\t\t\t<div class=\"elementor-element elementor-element-28e63a2 elementor-invisible elementor-widget elementor-widget-nuss-heading\" data-id=\"28e63a2\" data-element_type=\"widget\" data-e-type=\"widget\" data-settings=\"{&quot;_animation&quot;:&quot;nussFadeInUp&quot;}\" data-widget_type=\"nuss-heading.default\">\n\t\t\t\t<div class=\"elementor-widget-container\">\n\t\t\t\t\t\t\t<div class=\"nuss-modern-heading\">\r\n\t\t\t\r\n\t\t\t\t\t\t<div class=\"heading-primary-wrap\">\r\n\t\t\t\t<h4 class=\"heading-primary elementor-heading-title\">Sostenibilit\u00e0<\/h4>\t\t\t<\/div>\r\n\t\t\r\n\t\t\t\t\t\t<div class=\"heading-divider-wrap\">\r\n\t\t\t\t<div class=\"heading-divider\" style=\"left: 0px;top: 6px\"><\/div>\r\n\t\t\t<\/div>\r\n\t\r\n\t\t\t\t\t<\/div>\r\n\t\t\t\t\t<\/div>\n\t\t\t\t<\/div>\n\t\t\t\t<div class=\"elementor-element elementor-element-a246e3e elementor-invisible elementor-widget elementor-widget-heading\" data-id=\"a246e3e\" data-element_type=\"widget\" data-e-type=\"widget\" data-settings=\"{&quot;_animation&quot;:&quot;nussFadeInUp&quot;}\" data-widget_type=\"heading.default\">\n\t\t\t\t<div class=\"elementor-widget-container\">\n\t\t\t\t\t<h3 class=\"elementor-heading-title elementor-size-default\">Lusso con coscienza\n<\/h3>\t\t\t\t<\/div>\n\t\t\t\t<\/div>\n\t\t\t\t<div class=\"elementor-element elementor-element-6944b2f elementor-invisible elementor-widget elementor-widget-text-editor\" data-id=\"6944b2f\" data-element_type=\"widget\" data-e-type=\"widget\" data-settings=\"{&quot;_animation&quot;:&quot;nussFadeInUp&quot;}\" data-widget_type=\"text-editor.default\">\n\t\t\t\t<div class=\"elementor-widget-container\">\n\t\t\t\t\t\t\t\t\t<p>L&#039;Heyitang Hotel \u00e8 un pioniere dell&#039;ospitalit\u00e0 ecosostenibile senza rinunciare all&#039;opulenza. I pavimenti riscaldati a energia solare riscaldano le suite termali della spa, mentre i giardini verticali sul tetto, ricchi di peonie e crisantemi autoctoni, fungono anche da purificatori d&#039;aria urbani. I men\u00f9 privilegiano le partnership iper-locali, come il riso biologico dell&#039;isola di Chongming e il pollame allevato all&#039;aperto nelle fattorie dello Zhejiang, e la plastica monouso \u00e8 sostituita da alternative biodegradabili in bamb\u00f9.<\/p>\t\t\t\t\t\t\t\t<\/div>\n\t\t\t\t<\/div>\n\t\t\t\t\t<\/div>\n\t\t<\/div>\n\t\t\t\t\t<\/div>\n\t\t<\/section>\n\t\t<div class=\"elementor-element elementor-element-041ca93 e-flex e-con-boxed e-con e-parent\" data-id=\"041ca93\" data-element_type=\"container\" data-e-type=\"container\">\n\t\t\t\t\t<div class=\"e-con-inner\">\n\t\t\t\t<div class=\"elementor-element elementor-element-d2b032f elementor-widget elementor-widget-text-editor\" data-id=\"d2b032f\" data-element_type=\"widget\" data-e-type=\"widget\" data-widget_type=\"text-editor.default\">\n\t\t\t\t<div class=\"elementor-widget-container\">\n\t\t\t\t\t\t\t\t\t<div class=\"markdown-SpwdOz __markdown\" dir=\"auto\"><p><strong>Heyitang Hotel Shanghai International Tourism Resort<\/strong> Non \u00e8 solo un luogo in cui soggiornare: \u00e8 una narrazione intessuta di fili di innovazione, tradizione e meraviglia personalizzata. Qui, il brivido dell&#039;avventura e la calma della riflessione coesistono, invitando gli ospiti a scrivere il proprio capitolo nella storia di Shanghai. Che siate qui per inseguire i sogni all&#039;alba o per trovare la quiete nella tempesta, \u00e8 qui che i ricordi si scolpiscono in eredit\u00e0.<\/p><\/div>\t\t\t\t\t\t\t\t<\/div>\n\t\t\t\t<\/div>\n\t\t\t\t\t<\/div>\n\t\t\t\t<\/div>\n\t\t<div class=\"elementor-element elementor-element-7e936fc e-flex e-con-boxed e-con e-parent\" data-id=\"7e936fc\" data-element_type=\"container\" data-e-type=\"container\">\n\t\t\t\t\t<div class=\"e-con-inner\">\n\t\t\t\t<div class=\"elementor-element elementor-element-3f2d8820 elementor-widget elementor-widget-heading\" data-id=\"3f2d8820\" data-element_type=\"widget\" data-e-type=\"widget\" data-widget_type=\"heading.default\">\n\t\t\t\t<div class=\"elementor-widget-container\">\n\t\t\t\t\t<h2 class=\"elementor-heading-title elementor-size-default\">Controlla la disponibilit\u00e0<\/h2>\t\t\t\t<\/div>\n\t\t\t\t<\/div>\n\t\t\t\t<div class=\"elementor-element elementor-element-6c1f9efe elementor-widget elementor-widget-text-editor\" data-id=\"6c1f9efe\" data-element_type=\"widget\" data-e-type=\"widget\" data-widget_type=\"text-editor.default\">\n\t\t\t\t<div class=\"elementor-widget-container\">\n\t\t\t\t\t\t\t\t\t<iframe border=\"0\" src=\"https:\/\/www.trip.com\/partners\/ad\/S1874637?Allianceid=5415915&#038;SID=175281933&#038;trip_sub1=\" style=\"width:900px;height:200px\" frameborder=\"0\" scrolling=\"no\" id=\"S1874637\"><\/iframe>\t\t\t\t\t\t\t\t<\/div>\n\t\t\t\t<\/div>\n\t\t\t\t\t<\/div>\n\t\t\t\t<\/div>\n\t\t\t\t<\/div>","protected":false},"excerpt":{"rendered":"<p>Nestled at the crossroads of imagination and tradition, Heyitang Hotel Shanghai International Tourism Resort redefines luxury hospitality as a gateway to both the magic of Shanghai Disneyland and the soulful serenity of Jiangnan culture. More than a hotel, it is a meticulously crafted universe where every detail\u2014from the curvature of its rooftop pagoda-inspired architecture to [&hellip;]<\/p>\n","protected":false},"author":1,"featured_media":0,"parent":0,"menu_order":0,"comment_status":"closed","ping_status":"closed","template":"","meta":{"footnotes":""},"class_list":["post-5266","page","type-page","status-publish","hentry","post-no-thumbnail"],"_links":{"self":[{"href":"https:\/\/heyitanghotelshanghai.com\/it\/wp-json\/wp\/v2\/pages\/5266","targetHints":{"allow":["GET"]}}],"collection":[{"href":"https:\/\/heyitanghotelshanghai.com\/it\/wp-json\/wp\/v2\/pages"}],"about":[{"href":"https:\/\/heyitanghotelshanghai.com\/it\/wp-json\/wp\/v2\/types\/page"}],"author":[{"embeddable":true,"href":"https:\/\/heyitanghotelshanghai.com\/it\/wp-json\/wp\/v2\/users\/1"}],"replies":[{"embeddable":true,"href":"https:\/\/heyitanghotelshanghai.com\/it\/wp-json\/wp\/v2\/comments?post=5266"}],"version-history":[{"count":0,"href":"https:\/\/heyitanghotelshanghai.com\/it\/wp-json\/wp\/v2\/pages\/5266\/revisions"}],"wp:attachment":[{"href":"https:\/\/heyitanghotelshanghai.com\/it\/wp-json\/wp\/v2\/media?parent=5266"}],"curies":[{"name":"parola chiave","href":"https:\/\/api.w.org\/{rel}","templated":true}]}}