{"id":612,"date":"2021-03-26T10:04:13","date_gmt":"2021-03-26T10:04:13","guid":{"rendered":"http:\/\/localhost\/nuss\/?page_id=612"},"modified":"2025-03-03T15:48:26","modified_gmt":"2025-03-03T15:48:26","slug":"restaurant","status":"publish","type":"page","link":"https:\/\/heyitanghotelshanghai.com\/fr\/restaurant\/","title":{"rendered":"Restaurant"},"content":{"rendered":"<div data-elementor-type=\"wp-page\" data-elementor-id=\"612\" class=\"elementor elementor-612\">\n\t\t\t\t\t\t<section class=\"elementor-section elementor-top-section elementor-element elementor-element-e2effe8 elementor-section-boxed elementor-section-gap-beside-yes elementor-section-height-default elementor-section-height-default elementor-section-column-vertical-align-stretch\" data-id=\"e2effe8\" data-element_type=\"section\" data-e-type=\"section\">\n\t\t\t\t\t\t<div class=\"elementor-container elementor-column-gap-extended\">\n\t\t\t\t\t<div class=\"elementor-column elementor-col-100 elementor-top-column elementor-element elementor-element-e18f688\" data-id=\"e18f688\" data-element_type=\"column\" data-e-type=\"column\">\n\t\t\t<div class=\"elementor-widget-wrap elementor-element-populated\">\n\t\t\t\t\t\t<div class=\"elementor-element elementor-element-6db146d elementor-widget__width-initial elementor-invisible elementor-widget elementor-widget-text-editor\" data-id=\"6db146d\" data-element_type=\"widget\" data-e-type=\"widget\" data-settings=\"{&quot;_animation&quot;:&quot;nussFadeInUp&quot;}\" data-widget_type=\"text-editor.default\">\n\t\t\t\t<div class=\"elementor-widget-container\">\n\t\t\t\t\t\t\t\t\t<p>Nich\u00e9 dans l&#039;\u00e9treinte dynamique du Shanghai International Tourism Resort, \u00e0 deux pas du charmant Shanghai Disneyland,<strong>H\u00f4tel Heyitang<\/strong> appara\u00eet comme un sanctuaire culinaire o\u00f9 l\u2019Orient rencontre l\u2019Occident dans une symphonie de saveurs, de textures et de r\u00e9cits culturels.<\/p>\t\t\t\t\t\t\t\t<\/div>\n\t\t\t\t<\/div>\n\t\t\t\t\t<\/div>\n\t\t<\/div>\n\t\t\t\t\t<\/div>\n\t\t<\/section>\n\t\t<div class=\"elementor-element elementor-element-567633d e-flex e-con-boxed e-con e-parent\" data-id=\"567633d\" data-element_type=\"container\" data-e-type=\"container\">\n\t\t\t\t\t<div class=\"e-con-inner\">\n\t\t<div class=\"elementor-element elementor-element-d3f91ee e-con-full e-flex e-con e-child\" data-id=\"d3f91ee\" data-element_type=\"container\" data-e-type=\"container\">\n\t\t\t\t<div class=\"elementor-element elementor-element-b146344 elementor-widget elementor-widget-text-editor\" data-id=\"b146344\" data-element_type=\"widget\" data-e-type=\"widget\" data-widget_type=\"text-editor.default\">\n\t\t\t\t<div class=\"elementor-widget-container\">\n\t\t\t\t\t\t\t\t\t<p>Nos restaurants ne sont pas de simples espaces de restauration, mais des sc\u00e8nes o\u00f9 la gastronomie devient une forme d&#039;art, con\u00e7ue pour ravir les globe-trotters, les familles et les \u00e9picuriens exigeants. Ici, chaque repas est une odyss\u00e9e, m\u00ealant les traditions ancestrales de la cuisine shangha\u00efenne \u00e0 des influences mondiales avant-gardistes, le tout dans un d\u00e9cor d&#039;\u00e9l\u00e9gance contemporaine impr\u00e9gn\u00e9 de clins d&#039;\u0153il subtils au pass\u00e9 historique de Shanghai.<\/p>\t\t\t\t\t\t\t\t<\/div>\n\t\t\t\t<\/div>\n\t\t\t\t<\/div>\n\t\t<div class=\"elementor-element elementor-element-5c41599 e-con-full e-flex e-con e-child\" data-id=\"5c41599\" data-element_type=\"container\" data-e-type=\"container\">\n\t\t\t\t<div class=\"elementor-element elementor-element-152e6ce elementor-widget elementor-widget-image\" data-id=\"152e6ce\" data-element_type=\"widget\" data-e-type=\"widget\" data-widget_type=\"image.default\">\n\t\t\t\t<div class=\"elementor-widget-container\">\n\t\t\t\t\t\t\t\t\t\t\t\t\t\t\t<img fetchpriority=\"high\" decoding=\"async\" width=\"1024\" height=\"682\" src=\"https:\/\/heyitanghotelshanghai.com\/wp-content\/uploads\/2025\/03\/Heyitang-Hotel-Shanghai-International-Tourism-Resort-Restaurant-7-1024x682.webp\" class=\"attachment-large size-large wp-image-5634\" alt=\"\" srcset=\"https:\/\/heyitanghotelshanghai.com\/wp-content\/uploads\/2025\/03\/Heyitang-Hotel-Shanghai-International-Tourism-Resort-Restaurant-7-1024x682.webp 1024w, https:\/\/heyitanghotelshanghai.com\/wp-content\/uploads\/2025\/03\/Heyitang-Hotel-Shanghai-International-Tourism-Resort-Restaurant-7-300x200.webp 300w, https:\/\/heyitanghotelshanghai.com\/wp-content\/uploads\/2025\/03\/Heyitang-Hotel-Shanghai-International-Tourism-Resort-Restaurant-7-768x512.webp 768w, https:\/\/heyitanghotelshanghai.com\/wp-content\/uploads\/2025\/03\/Heyitang-Hotel-Shanghai-International-Tourism-Resort-Restaurant-7.webp 1280w\" sizes=\"(max-width: 1024px) 100vw, 1024px\" \/>\t\t\t\t\t\t\t\t\t\t\t\t\t\t\t<\/div>\n\t\t\t\t<\/div>\n\t\t\t\t<\/div>\n\t\t\t\t\t<\/div>\n\t\t\t\t<\/div>\n\t\t<div class=\"elementor-element elementor-element-1877fd1 e-flex e-con-boxed e-con e-parent\" data-id=\"1877fd1\" data-element_type=\"container\" data-e-type=\"container\">\n\t\t\t\t\t<div class=\"e-con-inner\">\n\t\t<div class=\"elementor-element elementor-element-5fe239f e-con-full e-flex e-con e-child\" data-id=\"5fe239f\" data-element_type=\"container\" data-e-type=\"container\">\n\t\t\t\t<div class=\"elementor-element elementor-element-f2f491a elementor-widget elementor-widget-image\" data-id=\"f2f491a\" data-element_type=\"widget\" data-e-type=\"widget\" data-widget_type=\"image.default\">\n\t\t\t\t<div class=\"elementor-widget-container\">\n\t\t\t\t\t\t\t\t\t\t\t\t\t\t\t<img decoding=\"async\" width=\"320\" height=\"213\" src=\"https:\/\/heyitanghotelshanghai.com\/wp-content\/uploads\/2025\/03\/Heyitang-Hotel-Shanghai-International-Tourism-Resort-Restaurant-6.webp\" class=\"attachment-large size-large wp-image-5640\" alt=\"\" srcset=\"https:\/\/heyitanghotelshanghai.com\/wp-content\/uploads\/2025\/03\/Heyitang-Hotel-Shanghai-International-Tourism-Resort-Restaurant-6.webp 320w, https:\/\/heyitanghotelshanghai.com\/wp-content\/uploads\/2025\/03\/Heyitang-Hotel-Shanghai-International-Tourism-Resort-Restaurant-6-300x200.webp 300w\" sizes=\"(max-width: 320px) 100vw, 320px\" \/>\t\t\t\t\t\t\t\t\t\t\t\t\t\t\t<\/div>\n\t\t\t\t<\/div>\n\t\t\t\t<\/div>\n\t\t<div class=\"elementor-element elementor-element-ff44238 e-con-full e-flex e-con e-child\" data-id=\"ff44238\" data-element_type=\"container\" data-e-type=\"container\">\n\t\t\t\t<div class=\"elementor-element elementor-element-7cf665e elementor-widget elementor-widget-nuss-heading\" data-id=\"7cf665e\" data-element_type=\"widget\" data-e-type=\"widget\" data-widget_type=\"nuss-heading.default\">\n\t\t\t\t<div class=\"elementor-widget-container\">\n\t\t\t\t\t\t\t<div class=\"nuss-modern-heading\">\r\n\t\t\t\t\t\t<div class=\"heading-secondary-wrap\">\r\n\t\t\t\t<h3 class=\"heading-secondary elementor-heading-title\">Une c\u00e9l\u00e9bration du patrimoine culinaire et de l&#039;innovation\n<\/h3>\t\t\t<\/div>\r\n\t\t\r\n\t\t\t\r\n\t\t\t\r\n\t\t\t\t\t<\/div>\r\n\t\t\t\t\t<\/div>\n\t\t\t\t<\/div>\n\t\t\t\t<div class=\"elementor-element elementor-element-b847eec elementor-widget elementor-widget-text-editor\" data-id=\"b847eec\" data-element_type=\"widget\" data-e-type=\"widget\" data-widget_type=\"text-editor.default\">\n\t\t\t\t<div class=\"elementor-widget-container\">\n\t\t\t\t\t\t\t\t\t<p>Au c\u0153ur de la philosophie culinaire de Heyitang se trouve un profond respect pour les ingr\u00e9dients d&#039;origine locale. Les march\u00e9s de producteurs de Pudong fournissent des tr\u00e9sors de saison - de succulents crabes poilus en automne, de tendres pousses de bambou au printemps - tandis que nos chefs r\u00e9inventent ces incontournables gr\u00e2ce \u00e0 des techniques cr\u00e9atives. Des plats embl\u00e9matiques comme <em>Boulettes de viande de t\u00eate de lion brais\u00e9es aux \u0153ufs de crabe<\/em> rendent hommage \u00e0 la d\u00e9licate richesse de la cuisine du Jiangnan, tandis que <em>Bao Xiao Long infus\u00e9 \u00e0 la truffe<\/em> \u00e9l\u00e8ve la humble boulette de soupe en un mets d\u00e9licat et luxueux. <em>Garde-manger mondial<\/em> Une section de notre menu emm\u00e8ne les convives en voyage : pensez \u00e0 la morue noire marin\u00e9e au miso accompagn\u00e9e de galettes de riz shangha\u00efennes ou au risotto au safran couronn\u00e9 de morilles cueillies localement.<\/p>\t\t\t\t\t\t\t\t<\/div>\n\t\t\t\t<\/div>\n\t\t\t\t<\/div>\n\t\t\t\t\t<\/div>\n\t\t\t\t<\/div>\n\t\t<div class=\"elementor-element elementor-element-3ad66be e-flex e-con-boxed e-con e-parent\" data-id=\"3ad66be\" data-element_type=\"container\" data-e-type=\"container\">\n\t\t\t\t\t<div class=\"e-con-inner\">\n\t\t<div class=\"elementor-element elementor-element-55ecdf3 e-con-full e-flex e-con e-child\" data-id=\"55ecdf3\" data-element_type=\"container\" data-e-type=\"container\">\n\t\t\t\t<div class=\"elementor-element elementor-element-26f09d6 elementor-widget elementor-widget-nuss-heading\" data-id=\"26f09d6\" data-element_type=\"widget\" data-e-type=\"widget\" data-widget_type=\"nuss-heading.default\">\n\t\t\t\t<div class=\"elementor-widget-container\">\n\t\t\t\t\t\t\t<div class=\"nuss-modern-heading\">\r\n\t\t\t\t\t\t<div class=\"heading-secondary-wrap\">\r\n\t\t\t\t<h3 class=\"heading-secondary elementor-heading-title\">Exp\u00e9riences culinaires sur mesure\n<\/h3>\t\t\t<\/div>\r\n\t\t\r\n\t\t\t\r\n\t\t\t\r\n\t\t\t\t\t<\/div>\r\n\t\t\t\t\t<\/div>\n\t\t\t\t<\/div>\n\t\t\t\t<div class=\"elementor-element elementor-element-20d3adb elementor-widget elementor-widget-text-editor\" data-id=\"20d3adb\" data-element_type=\"widget\" data-e-type=\"widget\" data-widget_type=\"text-editor.default\">\n\t\t\t\t<div class=\"elementor-widget-container\">\n\t\t\t\t\t\t\t\t\t<p>Au-del\u00e0 de l&#039;assiette, l&#039;h\u00f4tel Heyitang propose des exp\u00e9riences immersives. <em>La table du chef<\/em> offre une place au premier rang pour le th\u00e9\u00e2tre culinaire, o\u00f9 des menus de d\u00e9gustation personnalis\u00e9s se d\u00e9roulent sur 10 plats, chacun associ\u00e9 \u00e0 des vins de boutique ou \u00e0 des th\u00e9s artisanaux. Les familles se d\u00e9lectent d&#039;ateliers interactifs de dim-sum, tandis que le <em>Terrasse du jardin au clair de lune<\/em> transforme le d\u00eener en une exp\u00e9rience multisensorielle, avec des plats comme le magret de canard fum\u00e9 servi avec du jazz live sous des guirlandes d&#039;ampoules Edison. M\u00eame le petit-d\u00e9jeuner transcende les attentes, avec des nouilles dan dan faites sur commande et des croissants aux amandes feuillet\u00e9s cuits toutes les heures.<\/p>\t\t\t\t\t\t\t\t<\/div>\n\t\t\t\t<\/div>\n\t\t\t\t<\/div>\n\t\t<div class=\"elementor-element elementor-element-85b3799 e-con-full e-flex e-con e-child\" data-id=\"85b3799\" data-element_type=\"container\" data-e-type=\"container\">\n\t\t\t\t<div class=\"elementor-element elementor-element-48e6680 elementor-widget elementor-widget-image\" data-id=\"48e6680\" data-element_type=\"widget\" data-e-type=\"widget\" data-widget_type=\"image.default\">\n\t\t\t\t<div class=\"elementor-widget-container\">\n\t\t\t\t\t\t\t\t\t\t\t\t\t\t\t<img decoding=\"async\" width=\"1024\" height=\"682\" src=\"https:\/\/heyitanghotelshanghai.com\/wp-content\/uploads\/2025\/03\/Heyitang-Hotel-Shanghai-International-Tourism-Resort-Restaurant-11-1024x682.webp\" class=\"attachment-large size-large wp-image-5643\" alt=\"\" srcset=\"https:\/\/heyitanghotelshanghai.com\/wp-content\/uploads\/2025\/03\/Heyitang-Hotel-Shanghai-International-Tourism-Resort-Restaurant-11-1024x682.webp 1024w, https:\/\/heyitanghotelshanghai.com\/wp-content\/uploads\/2025\/03\/Heyitang-Hotel-Shanghai-International-Tourism-Resort-Restaurant-11-300x200.webp 300w, https:\/\/heyitanghotelshanghai.com\/wp-content\/uploads\/2025\/03\/Heyitang-Hotel-Shanghai-International-Tourism-Resort-Restaurant-11-768x512.webp 768w, https:\/\/heyitanghotelshanghai.com\/wp-content\/uploads\/2025\/03\/Heyitang-Hotel-Shanghai-International-Tourism-Resort-Restaurant-11.webp 1280w\" sizes=\"(max-width: 1024px) 100vw, 1024px\" \/>\t\t\t\t\t\t\t\t\t\t\t\t\t\t\t<\/div>\n\t\t\t\t<\/div>\n\t\t\t\t<\/div>\n\t\t\t\t\t<\/div>\n\t\t\t\t<\/div>\n\t\t<div class=\"elementor-element elementor-element-3c6d84c e-flex e-con-boxed e-con e-parent\" data-id=\"3c6d84c\" data-element_type=\"container\" data-e-type=\"container\">\n\t\t\t\t\t<div class=\"e-con-inner\">\n\t\t<div class=\"elementor-element elementor-element-753be58 e-con-full e-flex e-con e-child\" data-id=\"753be58\" data-element_type=\"container\" data-e-type=\"container\">\n\t\t\t\t<div class=\"elementor-element elementor-element-f5e98ba elementor-widget elementor-widget-image\" data-id=\"f5e98ba\" data-element_type=\"widget\" data-e-type=\"widget\" data-widget_type=\"image.default\">\n\t\t\t\t<div class=\"elementor-widget-container\">\n\t\t\t\t\t\t\t\t\t\t\t\t\t\t\t<img loading=\"lazy\" decoding=\"async\" width=\"568\" height=\"853\" src=\"https:\/\/heyitanghotelshanghai.com\/wp-content\/uploads\/2025\/03\/Heyitang-Hotel-Shanghai-International-Tourism-Resort-Restaurant-9.webp\" class=\"attachment-large size-large wp-image-5637\" alt=\"\" srcset=\"https:\/\/heyitanghotelshanghai.com\/wp-content\/uploads\/2025\/03\/Heyitang-Hotel-Shanghai-International-Tourism-Resort-Restaurant-9.webp 568w, https:\/\/heyitanghotelshanghai.com\/wp-content\/uploads\/2025\/03\/Heyitang-Hotel-Shanghai-International-Tourism-Resort-Restaurant-9-200x300.webp 200w\" sizes=\"(max-width: 568px) 100vw, 568px\" \/>\t\t\t\t\t\t\t\t\t\t\t\t\t\t\t<\/div>\n\t\t\t\t<\/div>\n\t\t\t\t<\/div>\n\t\t<div class=\"elementor-element elementor-element-da161a8 e-con-full e-flex e-con e-child\" data-id=\"da161a8\" data-element_type=\"container\" data-e-type=\"container\">\n\t\t\t\t<div class=\"elementor-element elementor-element-20466e0 elementor-widget elementor-widget-nuss-heading\" data-id=\"20466e0\" data-element_type=\"widget\" data-e-type=\"widget\" data-widget_type=\"nuss-heading.default\">\n\t\t\t\t<div class=\"elementor-widget-container\">\n\t\t\t\t\t\t\t<div class=\"nuss-modern-heading\">\r\n\t\t\t\t\t\t<div class=\"heading-secondary-wrap\">\r\n\t\t\t\t<h3 class=\"heading-secondary elementor-heading-title\">Ambiance : Quand la modernit\u00e9 rencontre la nostalgie\n<\/h3>\t\t\t<\/div>\r\n\t\t\r\n\t\t\t\r\n\t\t\t\r\n\t\t\t\t\t<\/div>\r\n\t\t\t\t\t<\/div>\n\t\t\t\t<\/div>\n\t\t\t\t<div class=\"elementor-element elementor-element-a520d40 elementor-widget elementor-widget-text-editor\" data-id=\"a520d40\" data-element_type=\"widget\" data-e-type=\"widget\" data-widget_type=\"text-editor.default\">\n\t\t\t\t<div class=\"elementor-widget-container\">\n\t\t\t\t\t\t\t\t\t<p>Nos espaces sont con\u00e7us pour captiver. <strong>Pavillon de Jade<\/strong>, notre restaurant phare, marie des accents Art d\u00e9co avec des murs orn\u00e9s de soie rappelant le Shanghai des ann\u00e9es 1930. En revanche, le <strong>Salon de la Route des \u00c9pices<\/strong> invite les clients \u00e0 se d\u00e9tendre avec des cocktails artisanaux inspir\u00e9s de la Route de la soie, servis avec des crevettes au poivre du Sichuan de la taille d&#039;une bouch\u00e9e. Chaque d\u00e9tail, de la vaisselle en porcelaine peinte \u00e0 la main \u00e0 la playlist de jazz et de m\u00e9lodies de guqin, refl\u00e8te un engagement envers la narration \u00e0 travers l&#039;ambiance.<\/p><p>Que vous savouriez un petit-d\u00e9jeuner tranquille avant une journ\u00e9e d&#039;aventure ou que vous trinquiez \u00e0 des souvenirs inoubliables sous les \u00e9toiles, les offres culinaires de l&#039;h\u00f4tel Heyitang promettent non seulement un repas, mais un avant-go\u00fbt persistant de l&#039;\u00e2me de Shanghai : une harmonie d&#039;innovation, de tradition et de moments inoubliables.<\/p>\t\t\t\t\t\t\t\t<\/div>\n\t\t\t\t<\/div>\n\t\t\t\t<\/div>\n\t\t\t\t\t<\/div>\n\t\t\t\t<\/div>\n\t\t<div class=\"elementor-element elementor-element-3bdf0b25 e-flex e-con-boxed e-con e-parent\" data-id=\"3bdf0b25\" data-element_type=\"container\" data-e-type=\"container\">\n\t\t\t\t\t<div class=\"e-con-inner\">\n\t\t\t\t<div class=\"elementor-element elementor-element-4e15d413 elementor-widget elementor-widget-heading\" data-id=\"4e15d413\" data-element_type=\"widget\" data-e-type=\"widget\" data-widget_type=\"heading.default\">\n\t\t\t\t<div class=\"elementor-widget-container\">\n\t\t\t\t\t<h2 class=\"elementor-heading-title elementor-size-default\">Ch\u00e8que disponible<\/h2>\t\t\t\t<\/div>\n\t\t\t\t<\/div>\n\t\t\t\t<div class=\"elementor-element elementor-element-3c91909b elementor-widget elementor-widget-text-editor\" data-id=\"3c91909b\" data-element_type=\"widget\" data-e-type=\"widget\" data-widget_type=\"text-editor.default\">\n\t\t\t\t<div class=\"elementor-widget-container\">\n\t\t\t\t\t\t\t\t\t<iframe border=\"0\" src=\"https:\/\/www.trip.com\/partners\/ad\/S1874637?Allianceid=5415915&#038;SID=175281933&#038;trip_sub1=\" style=\"width:900px;height:200px\" frameborder=\"0\" scrolling=\"no\" id=\"S1874637\"><\/iframe>\t\t\t\t\t\t\t\t<\/div>\n\t\t\t\t<\/div>\n\t\t\t\t\t<\/div>\n\t\t\t\t<\/div>\n\t\t\t\t<\/div>","protected":false},"excerpt":{"rendered":"<p>Nestled within the vibrant embrace of Shanghai International Tourism Resort\u2014a stone\u2019s throw from the enchanting Shanghai Disneyland\u2014Heyitang Hotel emerges as a culinary sanctuary where East meets West in a symphony of flavors, textures, and cultural storytelling. Our restaurants are not merely spaces to dine but stages where gastronomy becomes an art form, crafted to delight [&hellip;]<\/p>\n","protected":false},"author":1,"featured_media":0,"parent":0,"menu_order":0,"comment_status":"closed","ping_status":"closed","template":"","meta":{"footnotes":""},"class_list":["post-612","page","type-page","status-publish","hentry","post-no-thumbnail"],"_links":{"self":[{"href":"https:\/\/heyitanghotelshanghai.com\/fr\/wp-json\/wp\/v2\/pages\/612","targetHints":{"allow":["GET"]}}],"collection":[{"href":"https:\/\/heyitanghotelshanghai.com\/fr\/wp-json\/wp\/v2\/pages"}],"about":[{"href":"https:\/\/heyitanghotelshanghai.com\/fr\/wp-json\/wp\/v2\/types\/page"}],"author":[{"embeddable":true,"href":"https:\/\/heyitanghotelshanghai.com\/fr\/wp-json\/wp\/v2\/users\/1"}],"replies":[{"embeddable":true,"href":"https:\/\/heyitanghotelshanghai.com\/fr\/wp-json\/wp\/v2\/comments?post=612"}],"version-history":[{"count":0,"href":"https:\/\/heyitanghotelshanghai.com\/fr\/wp-json\/wp\/v2\/pages\/612\/revisions"}],"wp:attachment":[{"href":"https:\/\/heyitanghotelshanghai.com\/fr\/wp-json\/wp\/v2\/media?parent=612"}],"curies":[{"name":"wp","href":"https:\/\/api.w.org\/{rel}","templated":true}]}}