{"id":5266,"date":"2021-07-18T08:03:35","date_gmt":"2021-07-18T08:03:35","guid":{"rendered":"https:\/\/nuss.uxper.co\/luxury-resort\/?page_id=5266"},"modified":"2025-03-03T16:21:11","modified_gmt":"2025-03-03T16:21:11","slug":"sobre-nosotros","status":"publish","type":"page","link":"https:\/\/heyitanghotelshanghai.com\/es\/sobre-nosotros\/","title":{"rendered":"Sobre nosotros"},"content":{"rendered":"<div data-elementor-type=\"wp-page\" data-elementor-id=\"5266\" class=\"elementor elementor-5266\">\n\t\t\t\t\t\t<section class=\"elementor-section elementor-top-section elementor-element elementor-element-10416953 elementor-section-boxed elementor-section-gap-beside-yes elementor-section-height-default elementor-section-height-default elementor-section-column-vertical-align-stretch\" data-id=\"10416953\" data-element_type=\"section\" data-e-type=\"section\">\n\t\t\t\t\t\t<div class=\"elementor-container elementor-column-gap-extended\">\n\t\t\t\t\t<div class=\"elementor-column elementor-col-100 elementor-top-column elementor-element elementor-element-29c6aa8\" data-id=\"29c6aa8\" data-element_type=\"column\" data-e-type=\"column\">\n\t\t\t<div class=\"elementor-widget-wrap elementor-element-populated\">\n\t\t\t\t\t\t<div class=\"elementor-element elementor-element-7be18fe7 elementor-widget__width-initial elementor-invisible elementor-widget elementor-widget-text-editor\" data-id=\"7be18fe7\" data-element_type=\"widget\" data-e-type=\"widget\" data-settings=\"{&quot;_animation&quot;:&quot;nussFadeInUp&quot;}\" data-widget_type=\"text-editor.default\">\n\t\t\t\t<div class=\"elementor-widget-container\">\n\t\t\t\t\t\t\t\t\t<p>Ubicado en la encrucijada de la imaginaci\u00f3n y la tradici\u00f3n, <strong>Hotel Heyitang, complejo tur\u00edstico internacional de Shangh\u00e1i<\/strong> Redefine la hospitalidad de lujo como una puerta de entrada tanto a la magia de Shanghai Disneyland como a la emotiva serenidad de la cultura de Jiangnan. M\u00e1s que un hotel, es un universo meticulosamente dise\u00f1ado donde cada detalle, desde la curvatura de su arquitectura inspirada en una pagoda en la azotea hasta el susurro de los pasillos revestidos de seda, invita a los hu\u00e9spedes a embarcarse en un viaje que trasciende lo ordinario.<\/p>\t\t\t\t\t\t\t\t<\/div>\n\t\t\t\t<\/div>\n\t\t\t\t\t<\/div>\n\t\t<\/div>\n\t\t\t\t\t<\/div>\n\t\t<\/section>\n\t\t\t\t<section class=\"elementor-section elementor-top-section elementor-element elementor-element-7d18327f elementor-section-boxed elementor-section-gap-beside-yes elementor-section-height-default elementor-section-height-default elementor-section-column-vertical-align-stretch\" data-id=\"7d18327f\" data-element_type=\"section\" data-e-type=\"section\">\n\t\t\t\t\t\t<div class=\"elementor-container elementor-column-gap-extended\">\n\t\t\t\t\t<div class=\"elementor-column elementor-col-50 elementor-top-column elementor-element elementor-element-56533670\" data-id=\"56533670\" data-element_type=\"column\" data-e-type=\"column\">\n\t\t\t<div class=\"elementor-widget-wrap elementor-element-populated\">\n\t\t\t\t\t\t<div class=\"elementor-element elementor-element-6da4402 elementor-widget elementor-widget-text-editor\" data-id=\"6da4402\" data-element_type=\"widget\" data-e-type=\"widget\" data-widget_type=\"text-editor.default\">\n\t\t\t\t<div class=\"elementor-widget-container\">\n\t\t\t\t\t\t\t\t\t<p>El hotel, que se alza como una oda contempor\u00e1nea al pasado de Shangh\u00e1i, combina una modernidad elegante con paneles de vidrio y sutiles gui\u00f1os a la est\u00e9tica cl\u00e1sica china. El vest\u00edbulo deslumbra con una instalaci\u00f3n de arte cin\u00e9tico de 1000 fragmentos de porcelana suspendidos para imitar el agua que fluye (una met\u00e1fora del r\u00edo Huangpu), mientras que los patios, salpicados de rocas de eruditos y jardines de bons\u00e1is, rinden homenaje a los paisajes cl\u00e1sicos de Suzhou. Las habitaciones y suites, inundadas de tonos tierra tenues y acentuadas con pantallas lacadas, cuentan con espejos inteligentes que tambi\u00e9n funcionan como paneles de conserjer\u00eda interactivos, fusionando a la perfecci\u00f3n la tradici\u00f3n con la tecnolog\u00eda de vanguardia.<\/p>\t\t\t\t\t\t\t\t<\/div>\n\t\t\t\t<\/div>\n\t\t\t\t\t<\/div>\n\t\t<\/div>\n\t\t\t\t<div class=\"elementor-column elementor-col-50 elementor-top-column elementor-element elementor-element-30f14127\" data-id=\"30f14127\" data-element_type=\"column\" data-e-type=\"column\">\n\t\t\t<div class=\"elementor-widget-wrap elementor-element-populated\">\n\t\t\t\t\t\t<div class=\"elementor-element elementor-element-350da02e elementor-invisible nuss-elementor-loading nuss-slide-in-left elementor-widget elementor-widget-image\" data-id=\"350da02e\" data-element_type=\"widget\" data-e-type=\"widget\" data-settings=\"{&quot;_animation&quot;:&quot;nussSlideInLeft&quot;}\" data-widget_type=\"image.default\">\n\t\t\t\t<div class=\"elementor-widget-container\">\n\t\t\t\t\t\t\t\t\t\t\t\t\t\t\t<img fetchpriority=\"high\" decoding=\"async\" width=\"640\" height=\"853\" src=\"https:\/\/heyitanghotelshanghai.com\/wp-content\/uploads\/2025\/03\/reservation.jpg\" class=\"attachment-full size-full wp-image-5704\" alt=\"\" srcset=\"https:\/\/heyitanghotelshanghai.com\/wp-content\/uploads\/2025\/03\/reservation.jpg.webp 640w, https:\/\/heyitanghotelshanghai.com\/wp-content\/uploads\/2025\/03\/reservation-225x300.jpg.webp 225w\" sizes=\"(max-width: 640px) 100vw, 640px\" \/>\t\t\t\t\t\t\t\t\t\t\t\t\t\t\t<\/div>\n\t\t\t\t<\/div>\n\t\t\t\t\t<\/div>\n\t\t<\/div>\n\t\t\t\t\t<\/div>\n\t\t<\/section>\n\t\t\t\t<section class=\"elementor-section elementor-top-section elementor-element elementor-element-29fb8578 elementor-section-height-min-height elementor-section-stretched elementor-section-full_width elementor-section-items-stretch elementor-section-height-default elementor-section-column-vertical-align-stretch\" data-id=\"29fb8578\" data-element_type=\"section\" data-e-type=\"section\" data-settings=\"{&quot;stretch_section&quot;:&quot;section-stretched&quot;}\">\n\t\t\t\t\t\t<div class=\"elementor-container elementor-column-gap-no\">\n\t\t\t\t\t<div class=\"elementor-column elementor-col-50 elementor-top-column elementor-element elementor-element-40ac270b\" data-id=\"40ac270b\" data-element_type=\"column\" data-e-type=\"column\">\n\t\t\t<div class=\"elementor-widget-wrap elementor-element-populated\">\n\t\t\t\t\t\t<div class=\"elementor-element elementor-element-20872773 elementor-widget__width-initial elementor-widget-mobile__width-inherit elementor-invisible nuss-elementor-loading nuss-slide-in-right elementor-widget elementor-widget-image\" data-id=\"20872773\" data-element_type=\"widget\" data-e-type=\"widget\" data-settings=\"{&quot;_animation&quot;:&quot;nussSlideInRight&quot;}\" data-widget_type=\"image.default\">\n\t\t\t\t<div class=\"elementor-widget-container\">\n\t\t\t\t\t\t\t\t\t\t\t\t\t\t\t<img decoding=\"async\" width=\"320\" height=\"213\" src=\"https:\/\/heyitanghotelshanghai.com\/wp-content\/uploads\/2025\/03\/Heyitang-Hotel-Shanghai-International-Tourism-Resort-Restaurant-6.webp\" class=\"attachment-full size-full wp-image-5640\" alt=\"\" srcset=\"https:\/\/heyitanghotelshanghai.com\/wp-content\/uploads\/2025\/03\/Heyitang-Hotel-Shanghai-International-Tourism-Resort-Restaurant-6.webp 320w, https:\/\/heyitanghotelshanghai.com\/wp-content\/uploads\/2025\/03\/Heyitang-Hotel-Shanghai-International-Tourism-Resort-Restaurant-6-300x200.webp 300w\" sizes=\"(max-width: 320px) 100vw, 320px\" \/>\t\t\t\t\t\t\t\t\t\t\t\t\t\t\t<\/div>\n\t\t\t\t<\/div>\n\t\t\t\t\t<\/div>\n\t\t<\/div>\n\t\t\t\t<div class=\"elementor-column elementor-col-50 elementor-top-column elementor-element elementor-element-2dac103\" data-id=\"2dac103\" data-element_type=\"column\" data-e-type=\"column\">\n\t\t\t<div class=\"elementor-widget-wrap elementor-element-populated\">\n\t\t\t\t\t\t<div class=\"elementor-element elementor-element-7df0054f elementor-invisible elementor-widget elementor-widget-nuss-heading\" data-id=\"7df0054f\" data-element_type=\"widget\" data-e-type=\"widget\" data-settings=\"{&quot;_animation&quot;:&quot;nussFadeInUp&quot;}\" data-widget_type=\"nuss-heading.default\">\n\t\t\t\t<div class=\"elementor-widget-container\">\n\t\t\t\t\t\t\t<div class=\"nuss-modern-heading\">\r\n\t\t\t\r\n\t\t\t\t\t\t<div class=\"heading-primary-wrap\">\r\n\t\t\t\t<h4 class=\"heading-primary elementor-heading-title\">Ubicaci\u00f3n<\/h4>\t\t\t<\/div>\r\n\t\t\r\n\t\t\t\t\t\t<div class=\"heading-divider-wrap\">\r\n\t\t\t\t<div class=\"heading-divider\" style=\"left: 0px;top: 6px\"><\/div>\r\n\t\t\t<\/div>\r\n\t\r\n\t\t\t\t\t<\/div>\r\n\t\t\t\t\t<\/div>\n\t\t\t\t<\/div>\n\t\t\t\t<div class=\"elementor-element elementor-element-1ab88d95 elementor-invisible elementor-widget elementor-widget-heading\" data-id=\"1ab88d95\" data-element_type=\"widget\" data-e-type=\"widget\" data-settings=\"{&quot;_animation&quot;:&quot;nussFadeInUp&quot;}\" data-widget_type=\"heading.default\">\n\t\t\t\t<div class=\"elementor-widget-container\">\n\t\t\t\t\t<h3 class=\"elementor-heading-title elementor-size-default\">En el pulso del descubrimiento\n<\/h3>\t\t\t\t<\/div>\n\t\t\t\t<\/div>\n\t\t\t\t<div class=\"elementor-element elementor-element-6f1b8966 elementor-invisible elementor-widget elementor-widget-text-editor\" data-id=\"6f1b8966\" data-element_type=\"widget\" data-e-type=\"widget\" data-settings=\"{&quot;_animation&quot;:&quot;nussFadeInUp&quot;}\" data-widget_type=\"text-editor.default\">\n\t\t\t\t<div class=\"elementor-widget-container\">\n\t\t\t\t\t\t\t\t\t<p>Situado a solo 500 metros de las extravagantes puertas de Shanghai Disneyland y a un corto trayecto en coche de los bulliciosos centros de innovaci\u00f3n de Pudong, el Heyitang Hotel es una plataforma de lanzamiento estrat\u00e9gica para los exploradores. <strong>Conserjer\u00eda de descubrimiento<\/strong> El equipo organiza itinerarios personalizados, ya sea para garantizar el acceso VIP a los eventos nocturnos de Disney, organizar recorridos privados por los canales de la era Ming de la cercana ciudad antigua de Qibao u organizar recorridos en helic\u00f3ptero por el horizonte iluminado con luces de ne\u00f3n de Lujiazui. Un servicio de transporte exclusivo garantiza una conectividad sin esfuerzo, mientras que la piscina infinita en la azotea del hotel ofrece un punto de observaci\u00f3n surrealista para ver los fuegos artificiales de Disney pintar el cielo nocturno.<\/p>\t\t\t\t\t\t\t\t<\/div>\n\t\t\t\t<\/div>\n\t\t\t\t\t<\/div>\n\t\t<\/div>\n\t\t\t\t\t<\/div>\n\t\t<\/section>\n\t\t\t\t<section class=\"elementor-section elementor-top-section elementor-element elementor-element-72f42d0 elementor-section-height-min-height elementor-section-stretched elementor-section-full_width elementor-section-items-stretch elementor-section-height-default elementor-section-column-vertical-align-stretch\" data-id=\"72f42d0\" data-element_type=\"section\" data-e-type=\"section\" data-settings=\"{&quot;stretch_section&quot;:&quot;section-stretched&quot;}\">\n\t\t\t\t\t\t<div class=\"elementor-container elementor-column-gap-no\">\n\t\t\t\t\t<div class=\"elementor-column elementor-col-50 elementor-top-column elementor-element elementor-element-dff2c20\" data-id=\"dff2c20\" data-element_type=\"column\" data-e-type=\"column\">\n\t\t\t<div class=\"elementor-widget-wrap elementor-element-populated\">\n\t\t\t\t\t\t<div class=\"elementor-element elementor-element-1622e47 elementor-invisible elementor-widget elementor-widget-nuss-heading\" data-id=\"1622e47\" data-element_type=\"widget\" data-e-type=\"widget\" data-settings=\"{&quot;_animation&quot;:&quot;nussFadeInUp&quot;}\" data-widget_type=\"nuss-heading.default\">\n\t\t\t\t<div class=\"elementor-widget-container\">\n\t\t\t\t\t\t\t<div class=\"nuss-modern-heading\">\r\n\t\t\t\r\n\t\t\t\t\t\t<div class=\"heading-primary-wrap\">\r\n\t\t\t\t<h4 class=\"heading-primary elementor-heading-title\">Ubicaci\u00f3n<\/h4>\t\t\t<\/div>\r\n\t\t\r\n\t\t\t\t\t\t<div class=\"heading-divider-wrap\">\r\n\t\t\t\t<div class=\"heading-divider\" style=\"left: 0px;top: 6px\"><\/div>\r\n\t\t\t<\/div>\r\n\t\r\n\t\t\t\t\t<\/div>\r\n\t\t\t\t\t<\/div>\n\t\t\t\t<\/div>\n\t\t\t\t<div class=\"elementor-element elementor-element-4c391cd elementor-invisible elementor-widget elementor-widget-heading\" data-id=\"4c391cd\" data-element_type=\"widget\" data-e-type=\"widget\" data-settings=\"{&quot;_animation&quot;:&quot;nussFadeInUp&quot;}\" data-widget_type=\"heading.default\">\n\t\t\t\t<div class=\"elementor-widget-container\">\n\t\t\t\t\t<h3 class=\"elementor-heading-title elementor-size-default\">Experiencias dise\u00f1adas para cada viajero\n<\/h3>\t\t\t\t<\/div>\n\t\t\t\t<\/div>\n\t\t\t\t<div class=\"elementor-element elementor-element-7249838 elementor-invisible elementor-widget elementor-widget-text-editor\" data-id=\"7249838\" data-element_type=\"widget\" data-e-type=\"widget\" data-settings=\"{&quot;_animation&quot;:&quot;nussFadeInUp&quot;}\" data-widget_type=\"text-editor.default\">\n\t\t\t\t<div class=\"elementor-widget-container\">\n\t\t\t\t\t\t\t\t\t<ul><li><strong>Para familias<\/strong>: El\u00a0<em>Club infantil del Jard\u00edn Encantado<\/em>\u00a0Sumerge a los ni\u00f1os en sesiones de narraci\u00f3n interactiva y talleres de artesan\u00eda tradicional, desde la fabricaci\u00f3n de linternas hasta la caligraf\u00eda, mientras los padres se relajan en el \u00e1rea exclusiva para adultos.\u00a0<em>Sal\u00f3n Jade Serenity<\/em>.<\/li><li><strong>Para parejas<\/strong>: El\u00a0<em>Pabell\u00f3n iluminado por la luna<\/em>\u00a0ofrece cenas privadas bajo un dosel de linternas de papel brillantes, seguidas de una cena curada\u00a0<em>\u201cRomance a la luz de las estrellas\u201d<\/em>\u00a0Paquete que incluye sesiones de tai chi para parejas al amanecer.<\/li><li><strong>Para entusiastas culturales<\/strong>: Semanalmente\u00a0<em>\u201cInmersi\u00f3n en Jiangnan\u201d<\/em>\u00a0Los programas incluyen demostraciones de tejido de seda a cargo de artesanos locales y catas de t\u00e9 guiadas con cosechas raras de Pu&#039;er.<\/li><\/ul>\t\t\t\t\t\t\t\t<\/div>\n\t\t\t\t<\/div>\n\t\t\t\t\t<\/div>\n\t\t<\/div>\n\t\t\t\t<div class=\"elementor-column elementor-col-50 elementor-top-column elementor-element elementor-element-3295596\" data-id=\"3295596\" data-element_type=\"column\" data-e-type=\"column\">\n\t\t\t<div class=\"elementor-widget-wrap elementor-element-populated\">\n\t\t\t\t\t\t<div class=\"elementor-element elementor-element-55a248e elementor-widget__width-initial elementor-widget-mobile__width-inherit elementor-invisible nuss-elementor-loading nuss-slide-in-right elementor-widget elementor-widget-image\" data-id=\"55a248e\" data-element_type=\"widget\" data-e-type=\"widget\" data-settings=\"{&quot;_animation&quot;:&quot;nussSlideInRight&quot;}\" data-widget_type=\"image.default\">\n\t\t\t\t<div class=\"elementor-widget-container\">\n\t\t\t\t\t\t\t\t\t\t\t\t\t\t\t<img decoding=\"async\" width=\"1233\" height=\"853\" src=\"https:\/\/heyitanghotelshanghai.com\/wp-content\/uploads\/2021\/06\/Lotus-Pond-Moonlight-Executive-Double-Bed-Room.webp\" class=\"attachment-full size-full wp-image-5598\" alt=\"\" srcset=\"https:\/\/heyitanghotelshanghai.com\/wp-content\/uploads\/2021\/06\/Lotus-Pond-Moonlight-Executive-Double-Bed-Room.webp 1233w, https:\/\/heyitanghotelshanghai.com\/wp-content\/uploads\/2021\/06\/Lotus-Pond-Moonlight-Executive-Double-Bed-Room-300x208.webp 300w, https:\/\/heyitanghotelshanghai.com\/wp-content\/uploads\/2021\/06\/Lotus-Pond-Moonlight-Executive-Double-Bed-Room-1024x708.webp 1024w, https:\/\/heyitanghotelshanghai.com\/wp-content\/uploads\/2021\/06\/Lotus-Pond-Moonlight-Executive-Double-Bed-Room-768x531.webp 768w\" sizes=\"(max-width: 1233px) 100vw, 1233px\" \/>\t\t\t\t\t\t\t\t\t\t\t\t\t\t\t<\/div>\n\t\t\t\t<\/div>\n\t\t\t\t\t<\/div>\n\t\t<\/div>\n\t\t\t\t\t<\/div>\n\t\t<\/section>\n\t\t\t\t<section class=\"elementor-section elementor-top-section elementor-element elementor-element-fb879b7 elementor-section-height-min-height elementor-section-stretched elementor-section-full_width elementor-section-items-stretch elementor-section-height-default elementor-section-column-vertical-align-stretch\" data-id=\"fb879b7\" data-element_type=\"section\" data-e-type=\"section\" data-settings=\"{&quot;stretch_section&quot;:&quot;section-stretched&quot;}\">\n\t\t\t\t\t\t<div class=\"elementor-container elementor-column-gap-no\">\n\t\t\t\t\t<div class=\"elementor-column elementor-col-50 elementor-top-column elementor-element elementor-element-3e6b76f\" data-id=\"3e6b76f\" data-element_type=\"column\" data-e-type=\"column\">\n\t\t\t<div class=\"elementor-widget-wrap elementor-element-populated\">\n\t\t\t\t\t\t<div class=\"elementor-element elementor-element-059c394 elementor-widget__width-initial elementor-widget-mobile__width-inherit elementor-invisible nuss-elementor-loading nuss-slide-in-right elementor-widget elementor-widget-image\" data-id=\"059c394\" data-element_type=\"widget\" data-e-type=\"widget\" data-settings=\"{&quot;_animation&quot;:&quot;nussSlideInRight&quot;}\" data-widget_type=\"image.default\">\n\t\t\t\t<div class=\"elementor-widget-container\">\n\t\t\t\t\t\t\t\t\t\t\t\t\t\t\t<img loading=\"lazy\" decoding=\"async\" width=\"1280\" height=\"853\" src=\"https:\/\/heyitanghotelshanghai.com\/wp-content\/uploads\/2025\/03\/Heyitang-Hotel-Shanghai-International-Tourism-Resort-front.jpg\" class=\"attachment-full size-full wp-image-5701\" alt=\"\" srcset=\"https:\/\/heyitanghotelshanghai.com\/wp-content\/uploads\/2025\/03\/Heyitang-Hotel-Shanghai-International-Tourism-Resort-front.jpg.webp 1280w, https:\/\/heyitanghotelshanghai.com\/wp-content\/uploads\/2025\/03\/Heyitang-Hotel-Shanghai-International-Tourism-Resort-front-300x200.jpg.webp 300w, https:\/\/heyitanghotelshanghai.com\/wp-content\/uploads\/2025\/03\/Heyitang-Hotel-Shanghai-International-Tourism-Resort-front-1024x682.jpg.webp 1024w, https:\/\/heyitanghotelshanghai.com\/wp-content\/uploads\/2025\/03\/Heyitang-Hotel-Shanghai-International-Tourism-Resort-front-768x512.jpg.webp 768w\" sizes=\"(max-width: 1280px) 100vw, 1280px\" \/>\t\t\t\t\t\t\t\t\t\t\t\t\t\t\t<\/div>\n\t\t\t\t<\/div>\n\t\t\t\t\t<\/div>\n\t\t<\/div>\n\t\t\t\t<div class=\"elementor-column elementor-col-50 elementor-top-column elementor-element elementor-element-4762867\" data-id=\"4762867\" data-element_type=\"column\" data-e-type=\"column\">\n\t\t\t<div class=\"elementor-widget-wrap elementor-element-populated\">\n\t\t\t\t\t\t<div class=\"elementor-element elementor-element-28e63a2 elementor-invisible elementor-widget elementor-widget-nuss-heading\" data-id=\"28e63a2\" data-element_type=\"widget\" data-e-type=\"widget\" data-settings=\"{&quot;_animation&quot;:&quot;nussFadeInUp&quot;}\" data-widget_type=\"nuss-heading.default\">\n\t\t\t\t<div class=\"elementor-widget-container\">\n\t\t\t\t\t\t\t<div class=\"nuss-modern-heading\">\r\n\t\t\t\r\n\t\t\t\t\t\t<div class=\"heading-primary-wrap\">\r\n\t\t\t\t<h4 class=\"heading-primary elementor-heading-title\">Sostenibilidad<\/h4>\t\t\t<\/div>\r\n\t\t\r\n\t\t\t\t\t\t<div class=\"heading-divider-wrap\">\r\n\t\t\t\t<div class=\"heading-divider\" style=\"left: 0px;top: 6px\"><\/div>\r\n\t\t\t<\/div>\r\n\t\r\n\t\t\t\t\t<\/div>\r\n\t\t\t\t\t<\/div>\n\t\t\t\t<\/div>\n\t\t\t\t<div class=\"elementor-element elementor-element-a246e3e elementor-invisible elementor-widget elementor-widget-heading\" data-id=\"a246e3e\" data-element_type=\"widget\" data-e-type=\"widget\" data-settings=\"{&quot;_animation&quot;:&quot;nussFadeInUp&quot;}\" data-widget_type=\"heading.default\">\n\t\t\t\t<div class=\"elementor-widget-container\">\n\t\t\t\t\t<h3 class=\"elementor-heading-title elementor-size-default\">Lujo con conciencia\n<\/h3>\t\t\t\t<\/div>\n\t\t\t\t<\/div>\n\t\t\t\t<div class=\"elementor-element elementor-element-6944b2f elementor-invisible elementor-widget elementor-widget-text-editor\" data-id=\"6944b2f\" data-element_type=\"widget\" data-e-type=\"widget\" data-settings=\"{&quot;_animation&quot;:&quot;nussFadeInUp&quot;}\" data-widget_type=\"text-editor.default\">\n\t\t\t\t<div class=\"elementor-widget-container\">\n\t\t\t\t\t\t\t\t\t<p>El hotel Heyitang es pionero en ofrecer una hospitalidad ecol\u00f3gica sin comprometer la opulencia. Los pisos con calefacci\u00f3n solar calientan las suites termales del spa, mientras que los jardines verticales de la azotea, repletos de peon\u00edas y crisantemos aut\u00f3ctonos, funcionan tambi\u00e9n como purificadores de aire urbanos. Los men\u00fas priorizan las colaboraciones hiperlocales, como el arroz org\u00e1nico de la isla de Chongming y las aves de corral criadas en libertad de granjas de Zhejiang, y los pl\u00e1sticos de un solo uso se reemplazan por alternativas de bamb\u00fa biodegradable.<\/p>\t\t\t\t\t\t\t\t<\/div>\n\t\t\t\t<\/div>\n\t\t\t\t\t<\/div>\n\t\t<\/div>\n\t\t\t\t\t<\/div>\n\t\t<\/section>\n\t\t<div class=\"elementor-element elementor-element-041ca93 e-flex e-con-boxed e-con e-parent\" data-id=\"041ca93\" data-element_type=\"container\" data-e-type=\"container\">\n\t\t\t\t\t<div class=\"e-con-inner\">\n\t\t\t\t<div class=\"elementor-element elementor-element-d2b032f elementor-widget elementor-widget-text-editor\" data-id=\"d2b032f\" data-element_type=\"widget\" data-e-type=\"widget\" data-widget_type=\"text-editor.default\">\n\t\t\t\t<div class=\"elementor-widget-container\">\n\t\t\t\t\t\t\t\t\t<div class=\"markdown-SpwdOz __markdown\" dir=\"auto\"><p><strong>Hotel Heyitang, complejo tur\u00edstico internacional de Shangh\u00e1i<\/strong> Shangh\u00e1i no es solo un lugar para hospedarse, es una narrativa tejida a partir de hilos de innovaci\u00f3n, herencia y maravillas personalizadas. Aqu\u00ed, la emoci\u00f3n de la aventura y la calma de la reflexi\u00f3n coexisten, invitando a los hu\u00e9spedes a escribir su propio cap\u00edtulo en la historia de Shangh\u00e1i. Ya sea que est\u00e9 aqu\u00ed para perseguir sue\u00f1os al amanecer o para encontrar la quietud en la tormenta, este es el lugar donde los recuerdos se esculpen en legados.<\/p><\/div>\t\t\t\t\t\t\t\t<\/div>\n\t\t\t\t<\/div>\n\t\t\t\t\t<\/div>\n\t\t\t\t<\/div>\n\t\t<div class=\"elementor-element elementor-element-7e936fc e-flex e-con-boxed e-con e-parent\" data-id=\"7e936fc\" data-element_type=\"container\" data-e-type=\"container\">\n\t\t\t\t\t<div class=\"e-con-inner\">\n\t\t\t\t<div class=\"elementor-element elementor-element-3f2d8820 elementor-widget elementor-widget-heading\" data-id=\"3f2d8820\" data-element_type=\"widget\" data-e-type=\"widget\" data-widget_type=\"heading.default\">\n\t\t\t\t<div class=\"elementor-widget-container\">\n\t\t\t\t\t<h2 class=\"elementor-heading-title elementor-size-default\">Consultar disponibilidad<\/h2>\t\t\t\t<\/div>\n\t\t\t\t<\/div>\n\t\t\t\t<div class=\"elementor-element elementor-element-6c1f9efe elementor-widget elementor-widget-text-editor\" data-id=\"6c1f9efe\" data-element_type=\"widget\" data-e-type=\"widget\" data-widget_type=\"text-editor.default\">\n\t\t\t\t<div class=\"elementor-widget-container\">\n\t\t\t\t\t\t\t\t\t<iframe border=\"0\" src=\"https:\/\/www.trip.com\/partners\/ad\/S1874637?Allianceid=5415915&#038;SID=175281933&#038;trip_sub1=\" style=\"width:900px;height:200px\" frameborder=\"0\" scrolling=\"no\" id=\"S1874637\"><\/iframe>\t\t\t\t\t\t\t\t<\/div>\n\t\t\t\t<\/div>\n\t\t\t\t\t<\/div>\n\t\t\t\t<\/div>\n\t\t\t\t<\/div>","protected":false},"excerpt":{"rendered":"<p>Nestled at the crossroads of imagination and tradition, Heyitang Hotel Shanghai International Tourism Resort redefines luxury hospitality as a gateway to both the magic of Shanghai Disneyland and the soulful serenity of Jiangnan culture. More than a hotel, it is a meticulously crafted universe where every detail\u2014from the curvature of its rooftop pagoda-inspired architecture to [&hellip;]<\/p>\n","protected":false},"author":1,"featured_media":0,"parent":0,"menu_order":0,"comment_status":"closed","ping_status":"closed","template":"","meta":{"footnotes":""},"class_list":["post-5266","page","type-page","status-publish","hentry","post-no-thumbnail"],"_links":{"self":[{"href":"https:\/\/heyitanghotelshanghai.com\/es\/wp-json\/wp\/v2\/pages\/5266","targetHints":{"allow":["GET"]}}],"collection":[{"href":"https:\/\/heyitanghotelshanghai.com\/es\/wp-json\/wp\/v2\/pages"}],"about":[{"href":"https:\/\/heyitanghotelshanghai.com\/es\/wp-json\/wp\/v2\/types\/page"}],"author":[{"embeddable":true,"href":"https:\/\/heyitanghotelshanghai.com\/es\/wp-json\/wp\/v2\/users\/1"}],"replies":[{"embeddable":true,"href":"https:\/\/heyitanghotelshanghai.com\/es\/wp-json\/wp\/v2\/comments?post=5266"}],"version-history":[{"count":0,"href":"https:\/\/heyitanghotelshanghai.com\/es\/wp-json\/wp\/v2\/pages\/5266\/revisions"}],"wp:attachment":[{"href":"https:\/\/heyitanghotelshanghai.com\/es\/wp-json\/wp\/v2\/media?parent=5266"}],"curies":[{"name":"gracias","href":"https:\/\/api.w.org\/{rel}","templated":true}]}}