{"id":612,"date":"2021-03-26T10:04:13","date_gmt":"2021-03-26T10:04:13","guid":{"rendered":"http:\/\/localhost\/nuss\/?page_id=612"},"modified":"2025-03-03T15:48:26","modified_gmt":"2025-03-03T15:48:26","slug":"restaurant","status":"publish","type":"page","link":"https:\/\/heyitanghotelshanghai.com\/de\/restaurant\/","title":{"rendered":"Restaurant"},"content":{"rendered":"<div data-elementor-type=\"wp-page\" data-elementor-id=\"612\" class=\"elementor elementor-612\">\n\t\t\t\t\t\t<section class=\"elementor-section elementor-top-section elementor-element elementor-element-e2effe8 elementor-section-boxed elementor-section-gap-beside-yes elementor-section-height-default elementor-section-height-default elementor-section-column-vertical-align-stretch\" data-id=\"e2effe8\" data-element_type=\"section\" data-e-type=\"section\">\n\t\t\t\t\t\t<div class=\"elementor-container elementor-column-gap-extended\">\n\t\t\t\t\t<div class=\"elementor-column elementor-col-100 elementor-top-column elementor-element elementor-element-e18f688\" data-id=\"e18f688\" data-element_type=\"column\" data-e-type=\"column\">\n\t\t\t<div class=\"elementor-widget-wrap elementor-element-populated\">\n\t\t\t\t\t\t<div class=\"elementor-element elementor-element-6db146d elementor-widget__width-initial elementor-invisible elementor-widget elementor-widget-text-editor\" data-id=\"6db146d\" data-element_type=\"widget\" data-e-type=\"widget\" data-settings=\"{&quot;_animation&quot;:&quot;nussFadeInUp&quot;}\" data-widget_type=\"text-editor.default\">\n\t\t\t\t<div class=\"elementor-widget-container\">\n\t\t\t\t\t\t\t\t\t<p>Eingebettet in die pulsierende Umgebung des Shanghai International Tourism Resort \u2013 nur einen Steinwurf vom bezaubernden Shanghai Disneyland entfernt \u2013<strong>Heyitang Hotel<\/strong> entpuppt sich als kulinarischer Zufluchtsort, wo Ost und West in einer Symphonie aus Aromen, Texturen und kulturellem Geschichtenerz\u00e4hlen aufeinandertreffen.<\/p>\t\t\t\t\t\t\t\t<\/div>\n\t\t\t\t<\/div>\n\t\t\t\t\t<\/div>\n\t\t<\/div>\n\t\t\t\t\t<\/div>\n\t\t<\/section>\n\t\t<div class=\"elementor-element elementor-element-567633d e-flex e-con-boxed e-con e-parent\" data-id=\"567633d\" data-element_type=\"container\" data-e-type=\"container\">\n\t\t\t\t\t<div class=\"e-con-inner\">\n\t\t<div class=\"elementor-element elementor-element-d3f91ee e-con-full e-flex e-con e-child\" data-id=\"d3f91ee\" data-element_type=\"container\" data-e-type=\"container\">\n\t\t\t\t<div class=\"elementor-element elementor-element-b146344 elementor-widget elementor-widget-text-editor\" data-id=\"b146344\" data-element_type=\"widget\" data-e-type=\"widget\" data-widget_type=\"text-editor.default\">\n\t\t\t\t<div class=\"elementor-widget-container\">\n\t\t\t\t\t\t\t\t\t<p>Unsere Restaurants sind nicht nur Speiser\u00e4ume, sondern B\u00fchnen, auf denen Gastronomie zur Kunstform wird, die Weltenbummler, Familien und anspruchsvolle Feinschmecker gleicherma\u00dfen begeistert. Hier ist jede Mahlzeit eine Odyssee, die die altehrw\u00fcrdigen Traditionen der Shanghaier K\u00fcche mit avantgardistischen globalen Einfl\u00fcssen verbindet, und das alles vor dem Hintergrund zeitgen\u00f6ssischer Eleganz, durchzogen von subtilen Anspielungen auf Shanghais geschichtstr\u00e4chtige Vergangenheit.<\/p>\t\t\t\t\t\t\t\t<\/div>\n\t\t\t\t<\/div>\n\t\t\t\t<\/div>\n\t\t<div class=\"elementor-element elementor-element-5c41599 e-con-full e-flex e-con e-child\" data-id=\"5c41599\" data-element_type=\"container\" data-e-type=\"container\">\n\t\t\t\t<div class=\"elementor-element elementor-element-152e6ce elementor-widget elementor-widget-image\" data-id=\"152e6ce\" data-element_type=\"widget\" data-e-type=\"widget\" data-widget_type=\"image.default\">\n\t\t\t\t<div class=\"elementor-widget-container\">\n\t\t\t\t\t\t\t\t\t\t\t\t\t\t\t<img fetchpriority=\"high\" decoding=\"async\" width=\"1024\" height=\"682\" src=\"https:\/\/heyitanghotelshanghai.com\/wp-content\/uploads\/2025\/03\/Heyitang-Hotel-Shanghai-International-Tourism-Resort-Restaurant-7-1024x682.webp\" class=\"attachment-large size-large wp-image-5634\" alt=\"\" srcset=\"https:\/\/heyitanghotelshanghai.com\/wp-content\/uploads\/2025\/03\/Heyitang-Hotel-Shanghai-International-Tourism-Resort-Restaurant-7-1024x682.webp 1024w, https:\/\/heyitanghotelshanghai.com\/wp-content\/uploads\/2025\/03\/Heyitang-Hotel-Shanghai-International-Tourism-Resort-Restaurant-7-300x200.webp 300w, https:\/\/heyitanghotelshanghai.com\/wp-content\/uploads\/2025\/03\/Heyitang-Hotel-Shanghai-International-Tourism-Resort-Restaurant-7-768x512.webp 768w, https:\/\/heyitanghotelshanghai.com\/wp-content\/uploads\/2025\/03\/Heyitang-Hotel-Shanghai-International-Tourism-Resort-Restaurant-7.webp 1280w\" sizes=\"(max-width: 1024px) 100vw, 1024px\" \/>\t\t\t\t\t\t\t\t\t\t\t\t\t\t\t<\/div>\n\t\t\t\t<\/div>\n\t\t\t\t<\/div>\n\t\t\t\t\t<\/div>\n\t\t\t\t<\/div>\n\t\t<div class=\"elementor-element elementor-element-1877fd1 e-flex e-con-boxed e-con e-parent\" data-id=\"1877fd1\" data-element_type=\"container\" data-e-type=\"container\">\n\t\t\t\t\t<div class=\"e-con-inner\">\n\t\t<div class=\"elementor-element elementor-element-5fe239f e-con-full e-flex e-con e-child\" data-id=\"5fe239f\" data-element_type=\"container\" data-e-type=\"container\">\n\t\t\t\t<div class=\"elementor-element elementor-element-f2f491a elementor-widget elementor-widget-image\" data-id=\"f2f491a\" data-element_type=\"widget\" data-e-type=\"widget\" data-widget_type=\"image.default\">\n\t\t\t\t<div class=\"elementor-widget-container\">\n\t\t\t\t\t\t\t\t\t\t\t\t\t\t\t<img decoding=\"async\" width=\"320\" height=\"213\" src=\"https:\/\/heyitanghotelshanghai.com\/wp-content\/uploads\/2025\/03\/Heyitang-Hotel-Shanghai-International-Tourism-Resort-Restaurant-6.webp\" class=\"attachment-large size-large wp-image-5640\" alt=\"\" srcset=\"https:\/\/heyitanghotelshanghai.com\/wp-content\/uploads\/2025\/03\/Heyitang-Hotel-Shanghai-International-Tourism-Resort-Restaurant-6.webp 320w, https:\/\/heyitanghotelshanghai.com\/wp-content\/uploads\/2025\/03\/Heyitang-Hotel-Shanghai-International-Tourism-Resort-Restaurant-6-300x200.webp 300w\" sizes=\"(max-width: 320px) 100vw, 320px\" \/>\t\t\t\t\t\t\t\t\t\t\t\t\t\t\t<\/div>\n\t\t\t\t<\/div>\n\t\t\t\t<\/div>\n\t\t<div class=\"elementor-element elementor-element-ff44238 e-con-full e-flex e-con e-child\" data-id=\"ff44238\" data-element_type=\"container\" data-e-type=\"container\">\n\t\t\t\t<div class=\"elementor-element elementor-element-7cf665e elementor-widget elementor-widget-nuss-heading\" data-id=\"7cf665e\" data-element_type=\"widget\" data-e-type=\"widget\" data-widget_type=\"nuss-heading.default\">\n\t\t\t\t<div class=\"elementor-widget-container\">\n\t\t\t\t\t\t\t<div class=\"nuss-modern-heading\">\r\n\t\t\t\t\t\t<div class=\"heading-secondary-wrap\">\r\n\t\t\t\t<h3 class=\"heading-secondary elementor-heading-title\">Eine Feier des kulinarischen Erbes und der Innovation\n<\/h3>\t\t\t<\/div>\r\n\t\t\r\n\t\t\t\r\n\t\t\t\r\n\t\t\t\t\t<\/div>\r\n\t\t\t\t\t<\/div>\n\t\t\t\t<\/div>\n\t\t\t\t<div class=\"elementor-element elementor-element-b847eec elementor-widget elementor-widget-text-editor\" data-id=\"b847eec\" data-element_type=\"widget\" data-e-type=\"widget\" data-widget_type=\"text-editor.default\">\n\t\t\t\t<div class=\"elementor-widget-container\">\n\t\t\t\t\t\t\t\t\t<p>Im Mittelpunkt der Speisephilosophie von Heyitang steht eine tiefe Ehrfurcht vor Zutaten aus der Region. Bauernm\u00e4rkte in Pudong bieten saisonale Sch\u00e4tze \u2013 saftige Wollhandkrabben im Herbst, zarte Bambussprossen im Fr\u00fchling \u2013 w\u00e4hrend unsere K\u00f6che diese Grundnahrungsmittel mit kreativen Techniken neu interpretieren. Spezialit\u00e4ten wie <em>Geschmorte L\u00f6wenkopf-Fleischb\u00e4llchen mit Krabbenrogen<\/em> zollen der delikaten F\u00fclle der Jiangnan-K\u00fcche Tribut, w\u00e4hrend die <em>Mit Tr\u00fcffel angereichertes Xiao Long Bao<\/em> erhebt den bescheidenen Suppenkn\u00f6del in eine luxuri\u00f6se K\u00f6stlichkeit. Die <em>Globale Speisekammer<\/em> Abschnitt unserer Speisekarte nimmt die G\u00e4ste mit auf eine Reise: Denken Sie an in Miso marinierten schwarzen Kabeljau, gepaart mit Shanghai-Reiskuchen, oder an Safranrisotto, gekr\u00f6nt mit lokal gesammelten Morcheln.<\/p>\t\t\t\t\t\t\t\t<\/div>\n\t\t\t\t<\/div>\n\t\t\t\t<\/div>\n\t\t\t\t\t<\/div>\n\t\t\t\t<\/div>\n\t\t<div class=\"elementor-element elementor-element-3ad66be e-flex e-con-boxed e-con e-parent\" data-id=\"3ad66be\" data-element_type=\"container\" data-e-type=\"container\">\n\t\t\t\t\t<div class=\"e-con-inner\">\n\t\t<div class=\"elementor-element elementor-element-55ecdf3 e-con-full e-flex e-con e-child\" data-id=\"55ecdf3\" data-element_type=\"container\" data-e-type=\"container\">\n\t\t\t\t<div class=\"elementor-element elementor-element-26f09d6 elementor-widget elementor-widget-nuss-heading\" data-id=\"26f09d6\" data-element_type=\"widget\" data-e-type=\"widget\" data-widget_type=\"nuss-heading.default\">\n\t\t\t\t<div class=\"elementor-widget-container\">\n\t\t\t\t\t\t\t<div class=\"nuss-modern-heading\">\r\n\t\t\t\t\t\t<div class=\"heading-secondary-wrap\">\r\n\t\t\t\t<h3 class=\"heading-secondary elementor-heading-title\">Ma\u00dfgeschneiderte kulinarische Erlebnisse\n<\/h3>\t\t\t<\/div>\r\n\t\t\r\n\t\t\t\r\n\t\t\t\r\n\t\t\t\t\t<\/div>\r\n\t\t\t\t\t<\/div>\n\t\t\t\t<\/div>\n\t\t\t\t<div class=\"elementor-element elementor-element-20d3adb elementor-widget elementor-widget-text-editor\" data-id=\"20d3adb\" data-element_type=\"widget\" data-e-type=\"widget\" data-widget_type=\"text-editor.default\">\n\t\t\t\t<div class=\"elementor-widget-container\">\n\t\t\t\t\t\t\t\t\t<p>\u00dcber den Tellerrand hinaus bietet das Heyitang Hotel immersive Erlebnisse. <em>Chef\u2019s Tisch<\/em> bietet einen Platz in der ersten Reihe f\u00fcr kulinarisches Theater, wo personalisierte Degustationsmen\u00fcs \u00fcber 10 G\u00e4nge verteilt werden, jeweils gepaart mit Boutique-Weinen oder handgemachten Tees. Familien erfreuen sich an interaktiven Dim-Sum-Workshops, w\u00e4hrend die <em>Mondbeschienene Gartenterrasse<\/em> verwandelt das Abendessen in ein multisensorisches Erlebnis mit Gerichten wie ger\u00e4ucherter Entenbrust, die neben Live-Jazz unter Edison-Gl\u00fchbirnenketten serviert wird. Sogar das Fr\u00fchst\u00fcck \u00fcbertrifft alle Erwartungen, denn es gibt frisch zubereitete Dan-Dan-Nudeln und st\u00fcndlich gebackene, flockige Mandel-Croissants.<\/p>\t\t\t\t\t\t\t\t<\/div>\n\t\t\t\t<\/div>\n\t\t\t\t<\/div>\n\t\t<div class=\"elementor-element elementor-element-85b3799 e-con-full e-flex e-con e-child\" data-id=\"85b3799\" data-element_type=\"container\" data-e-type=\"container\">\n\t\t\t\t<div class=\"elementor-element elementor-element-48e6680 elementor-widget elementor-widget-image\" data-id=\"48e6680\" data-element_type=\"widget\" data-e-type=\"widget\" data-widget_type=\"image.default\">\n\t\t\t\t<div class=\"elementor-widget-container\">\n\t\t\t\t\t\t\t\t\t\t\t\t\t\t\t<img decoding=\"async\" width=\"1024\" height=\"682\" src=\"https:\/\/heyitanghotelshanghai.com\/wp-content\/uploads\/2025\/03\/Heyitang-Hotel-Shanghai-International-Tourism-Resort-Restaurant-11-1024x682.webp\" class=\"attachment-large size-large wp-image-5643\" alt=\"\" srcset=\"https:\/\/heyitanghotelshanghai.com\/wp-content\/uploads\/2025\/03\/Heyitang-Hotel-Shanghai-International-Tourism-Resort-Restaurant-11-1024x682.webp 1024w, https:\/\/heyitanghotelshanghai.com\/wp-content\/uploads\/2025\/03\/Heyitang-Hotel-Shanghai-International-Tourism-Resort-Restaurant-11-300x200.webp 300w, https:\/\/heyitanghotelshanghai.com\/wp-content\/uploads\/2025\/03\/Heyitang-Hotel-Shanghai-International-Tourism-Resort-Restaurant-11-768x512.webp 768w, https:\/\/heyitanghotelshanghai.com\/wp-content\/uploads\/2025\/03\/Heyitang-Hotel-Shanghai-International-Tourism-Resort-Restaurant-11.webp 1280w\" sizes=\"(max-width: 1024px) 100vw, 1024px\" \/>\t\t\t\t\t\t\t\t\t\t\t\t\t\t\t<\/div>\n\t\t\t\t<\/div>\n\t\t\t\t<\/div>\n\t\t\t\t\t<\/div>\n\t\t\t\t<\/div>\n\t\t<div class=\"elementor-element elementor-element-3c6d84c e-flex e-con-boxed e-con e-parent\" data-id=\"3c6d84c\" data-element_type=\"container\" data-e-type=\"container\">\n\t\t\t\t\t<div class=\"e-con-inner\">\n\t\t<div class=\"elementor-element elementor-element-753be58 e-con-full e-flex e-con e-child\" data-id=\"753be58\" data-element_type=\"container\" data-e-type=\"container\">\n\t\t\t\t<div class=\"elementor-element elementor-element-f5e98ba elementor-widget elementor-widget-image\" data-id=\"f5e98ba\" data-element_type=\"widget\" data-e-type=\"widget\" data-widget_type=\"image.default\">\n\t\t\t\t<div class=\"elementor-widget-container\">\n\t\t\t\t\t\t\t\t\t\t\t\t\t\t\t<img loading=\"lazy\" decoding=\"async\" width=\"568\" height=\"853\" src=\"https:\/\/heyitanghotelshanghai.com\/wp-content\/uploads\/2025\/03\/Heyitang-Hotel-Shanghai-International-Tourism-Resort-Restaurant-9.webp\" class=\"attachment-large size-large wp-image-5637\" alt=\"\" srcset=\"https:\/\/heyitanghotelshanghai.com\/wp-content\/uploads\/2025\/03\/Heyitang-Hotel-Shanghai-International-Tourism-Resort-Restaurant-9.webp 568w, https:\/\/heyitanghotelshanghai.com\/wp-content\/uploads\/2025\/03\/Heyitang-Hotel-Shanghai-International-Tourism-Resort-Restaurant-9-200x300.webp 200w\" sizes=\"(max-width: 568px) 100vw, 568px\" \/>\t\t\t\t\t\t\t\t\t\t\t\t\t\t\t<\/div>\n\t\t\t\t<\/div>\n\t\t\t\t<\/div>\n\t\t<div class=\"elementor-element elementor-element-da161a8 e-con-full e-flex e-con e-child\" data-id=\"da161a8\" data-element_type=\"container\" data-e-type=\"container\">\n\t\t\t\t<div class=\"elementor-element elementor-element-20466e0 elementor-widget elementor-widget-nuss-heading\" data-id=\"20466e0\" data-element_type=\"widget\" data-e-type=\"widget\" data-widget_type=\"nuss-heading.default\">\n\t\t\t\t<div class=\"elementor-widget-container\">\n\t\t\t\t\t\t\t<div class=\"nuss-modern-heading\">\r\n\t\t\t\t\t\t<div class=\"heading-secondary-wrap\">\r\n\t\t\t\t<h3 class=\"heading-secondary elementor-heading-title\">Ambiente: Wo Moderne auf Nostalgie trifft\n<\/h3>\t\t\t<\/div>\r\n\t\t\r\n\t\t\t\r\n\t\t\t\r\n\t\t\t\t\t<\/div>\r\n\t\t\t\t\t<\/div>\n\t\t\t\t<\/div>\n\t\t\t\t<div class=\"elementor-element elementor-element-a520d40 elementor-widget elementor-widget-text-editor\" data-id=\"a520d40\" data-element_type=\"widget\" data-e-type=\"widget\" data-widget_type=\"text-editor.default\">\n\t\t\t\t<div class=\"elementor-widget-container\">\n\t\t\t\t\t\t\t\t\t<p>Unsere R\u00e4ume sind so gestaltet, dass sie faszinieren. <strong>Jade-Pavillon<\/strong>, unser Flaggschiff-Restaurant, verbindet Art-Deco-Akzente mit seidenverzierten W\u00e4nden, die an das Shanghai der 1930er Jahre erinnern. Im Gegensatz dazu <strong>Spice Route Lounge<\/strong> l\u00e4dt G\u00e4ste zum Entspannen bei von der Seidenstra\u00dfe inspirierten Cocktails ein, die zusammen mit mundgerechten Sichuan-Pfeffergarnelen serviert werden. Jedes Detail \u2013 vom handbemalten Porzellangeschirr bis zur kuratierten Playlist mit Jazz- und Guqin-Melodien \u2013 spiegelt das Engagement wider, Geschichten durch Ambiente zu erz\u00e4hlen.<\/p><p>Ob Sie ein ruhiges Fr\u00fchst\u00fcck vor einem Tag voller Abenteuer genie\u00dfen oder unter den Sternen auf lebenslange Erinnerungen ansto\u00dfen, das kulinarische Angebot des Heyitang Hotels verspricht nicht nur eine Mahlzeit, sondern einen bleibenden Eindruck der Seele Shanghais \u2013 eine Harmonie aus Innovation, Tradition und unvergesslichen Momenten.<\/p>\t\t\t\t\t\t\t\t<\/div>\n\t\t\t\t<\/div>\n\t\t\t\t<\/div>\n\t\t\t\t\t<\/div>\n\t\t\t\t<\/div>\n\t\t<div class=\"elementor-element elementor-element-3bdf0b25 e-flex e-con-boxed e-con e-parent\" data-id=\"3bdf0b25\" data-element_type=\"container\" data-e-type=\"container\">\n\t\t\t\t\t<div class=\"e-con-inner\">\n\t\t\t\t<div class=\"elementor-element elementor-element-4e15d413 elementor-widget elementor-widget-heading\" data-id=\"4e15d413\" data-element_type=\"widget\" data-e-type=\"widget\" data-widget_type=\"heading.default\">\n\t\t\t\t<div class=\"elementor-widget-container\">\n\t\t\t\t\t<h2 class=\"elementor-heading-title elementor-size-default\">Verf\u00fcgbarkeit pr\u00fcfen<\/h2>\t\t\t\t<\/div>\n\t\t\t\t<\/div>\n\t\t\t\t<div class=\"elementor-element elementor-element-3c91909b elementor-widget elementor-widget-text-editor\" data-id=\"3c91909b\" data-element_type=\"widget\" data-e-type=\"widget\" data-widget_type=\"text-editor.default\">\n\t\t\t\t<div class=\"elementor-widget-container\">\n\t\t\t\t\t\t\t\t\t<iframe border=\"0\" src=\"https:\/\/www.trip.com\/partners\/ad\/S1874637?Allianceid=5415915&#038;SID=175281933&#038;trip_sub1=\" style=\"width:900px;height:200px\" frameborder=\"0\" scrolling=\"no\" id=\"S1874637\"><\/iframe>\t\t\t\t\t\t\t\t<\/div>\n\t\t\t\t<\/div>\n\t\t\t\t\t<\/div>\n\t\t\t\t<\/div>\n\t\t\t\t<\/div>","protected":false},"excerpt":{"rendered":"<p>Nestled within the vibrant embrace of Shanghai International Tourism Resort\u2014a stone\u2019s throw from the enchanting Shanghai Disneyland\u2014Heyitang Hotel emerges as a culinary sanctuary where East meets West in a symphony of flavors, textures, and cultural storytelling. Our restaurants are not merely spaces to dine but stages where gastronomy becomes an art form, crafted to delight [&hellip;]<\/p>\n","protected":false},"author":1,"featured_media":0,"parent":0,"menu_order":0,"comment_status":"closed","ping_status":"closed","template":"","meta":{"footnotes":""},"class_list":["post-612","page","type-page","status-publish","hentry","post-no-thumbnail"],"_links":{"self":[{"href":"https:\/\/heyitanghotelshanghai.com\/de\/wp-json\/wp\/v2\/pages\/612","targetHints":{"allow":["GET"]}}],"collection":[{"href":"https:\/\/heyitanghotelshanghai.com\/de\/wp-json\/wp\/v2\/pages"}],"about":[{"href":"https:\/\/heyitanghotelshanghai.com\/de\/wp-json\/wp\/v2\/types\/page"}],"author":[{"embeddable":true,"href":"https:\/\/heyitanghotelshanghai.com\/de\/wp-json\/wp\/v2\/users\/1"}],"replies":[{"embeddable":true,"href":"https:\/\/heyitanghotelshanghai.com\/de\/wp-json\/wp\/v2\/comments?post=612"}],"version-history":[{"count":0,"href":"https:\/\/heyitanghotelshanghai.com\/de\/wp-json\/wp\/v2\/pages\/612\/revisions"}],"wp:attachment":[{"href":"https:\/\/heyitanghotelshanghai.com\/de\/wp-json\/wp\/v2\/media?parent=612"}],"curies":[{"name":"wp","href":"https:\/\/api.w.org\/{rel}","templated":true}]}}