{"id":5266,"date":"2021-07-18T08:03:35","date_gmt":"2021-07-18T08:03:35","guid":{"rendered":"https:\/\/nuss.uxper.co\/luxury-resort\/?page_id=5266"},"modified":"2025-03-03T16:21:11","modified_gmt":"2025-03-03T16:21:11","slug":"uber-uns","status":"publish","type":"page","link":"https:\/\/heyitanghotelshanghai.com\/de\/uber-uns\/","title":{"rendered":"\u00dcber uns"},"content":{"rendered":"<div data-elementor-type=\"wp-page\" data-elementor-id=\"5266\" class=\"elementor elementor-5266\">\n\t\t\t\t\t\t<section class=\"elementor-section elementor-top-section elementor-element elementor-element-10416953 elementor-section-boxed elementor-section-gap-beside-yes elementor-section-height-default elementor-section-height-default elementor-section-column-vertical-align-stretch\" data-id=\"10416953\" data-element_type=\"section\" data-e-type=\"section\">\n\t\t\t\t\t\t<div class=\"elementor-container elementor-column-gap-extended\">\n\t\t\t\t\t<div class=\"elementor-column elementor-col-100 elementor-top-column elementor-element elementor-element-29c6aa8\" data-id=\"29c6aa8\" data-element_type=\"column\" data-e-type=\"column\">\n\t\t\t<div class=\"elementor-widget-wrap elementor-element-populated\">\n\t\t\t\t\t\t<div class=\"elementor-element elementor-element-7be18fe7 elementor-widget__width-initial elementor-invisible elementor-widget elementor-widget-text-editor\" data-id=\"7be18fe7\" data-element_type=\"widget\" data-e-type=\"widget\" data-settings=\"{&quot;_animation&quot;:&quot;nussFadeInUp&quot;}\" data-widget_type=\"text-editor.default\">\n\t\t\t\t<div class=\"elementor-widget-container\">\n\t\t\t\t\t\t\t\t\t<p>Eingebettet an der Schnittstelle von Fantasie und Tradition, <strong>Heyitang Hotel Shanghai International Tourism Resort<\/strong> definiert Luxushotellerie neu als Tor zur Magie von Shanghai Disneyland und zur seelenvollen Gelassenheit der Jiangnan-Kultur. Es ist mehr als nur ein Hotel, es ist ein sorgf\u00e4ltig gestaltetes Universum, in dem jedes Detail \u2013 von der Rundung der pagodenartigen Dacharchitektur bis zum Fl\u00fcstern der seidenbespannten Korridore \u2013 die G\u00e4ste zu einer Reise einl\u00e4dt, die \u00fcber das Gew\u00f6hnliche hinausgeht.<\/p>\t\t\t\t\t\t\t\t<\/div>\n\t\t\t\t<\/div>\n\t\t\t\t\t<\/div>\n\t\t<\/div>\n\t\t\t\t\t<\/div>\n\t\t<\/section>\n\t\t\t\t<section class=\"elementor-section elementor-top-section elementor-element elementor-element-7d18327f elementor-section-boxed elementor-section-gap-beside-yes elementor-section-height-default elementor-section-height-default elementor-section-column-vertical-align-stretch\" data-id=\"7d18327f\" data-element_type=\"section\" data-e-type=\"section\">\n\t\t\t\t\t\t<div class=\"elementor-container elementor-column-gap-extended\">\n\t\t\t\t\t<div class=\"elementor-column elementor-col-50 elementor-top-column elementor-element elementor-element-56533670\" data-id=\"56533670\" data-element_type=\"column\" data-e-type=\"column\">\n\t\t\t<div class=\"elementor-widget-wrap elementor-element-populated\">\n\t\t\t\t\t\t<div class=\"elementor-element elementor-element-6da4402 elementor-widget elementor-widget-text-editor\" data-id=\"6da4402\" data-element_type=\"widget\" data-e-type=\"widget\" data-widget_type=\"text-editor.default\">\n\t\t\t\t<div class=\"elementor-widget-container\">\n\t\t\t\t\t\t\t\t\t<p>Die Architektur des Hotels erhebt sich wie eine zeitgen\u00f6ssische Ode an Shanghais Vergangenheit und verbindet elegante, glasverkleidete Modernit\u00e4t mit subtilen Anspielungen auf klassische chinesische \u00c4sthetik. Die Lobby beeindruckt mit einer kinetischen Kunstinstallation aus 1.000 Porzellanscherben, die so aufgeh\u00e4ngt sind, dass sie flie\u00dfendes Wasser nachahmen \u2013 eine Metapher f\u00fcr den Huangpu-Fluss \u2013, w\u00e4hrend die mit Gelehrtenfelsen und Bonsai-G\u00e4rten \u00fcbers\u00e4ten Innenh\u00f6fe eine Hommage an die klassischen Landschaften Suzhous darstellen. Die in ged\u00e4mpften Erdt\u00f6nen gehaltenen und mit lackierten Bildschirmen akzentuierten G\u00e4stezimmer und Suiten verf\u00fcgen \u00fcber intelligente Spiegel, die gleichzeitig als interaktive Concierge-Panels dienen und so Tradition nahtlos mit modernster Technologie verbinden.<\/p>\t\t\t\t\t\t\t\t<\/div>\n\t\t\t\t<\/div>\n\t\t\t\t\t<\/div>\n\t\t<\/div>\n\t\t\t\t<div class=\"elementor-column elementor-col-50 elementor-top-column elementor-element elementor-element-30f14127\" data-id=\"30f14127\" data-element_type=\"column\" data-e-type=\"column\">\n\t\t\t<div class=\"elementor-widget-wrap elementor-element-populated\">\n\t\t\t\t\t\t<div class=\"elementor-element elementor-element-350da02e elementor-invisible nuss-elementor-loading nuss-slide-in-left elementor-widget elementor-widget-image\" data-id=\"350da02e\" data-element_type=\"widget\" data-e-type=\"widget\" data-settings=\"{&quot;_animation&quot;:&quot;nussSlideInLeft&quot;}\" data-widget_type=\"image.default\">\n\t\t\t\t<div class=\"elementor-widget-container\">\n\t\t\t\t\t\t\t\t\t\t\t\t\t\t\t<img fetchpriority=\"high\" decoding=\"async\" width=\"640\" height=\"853\" src=\"https:\/\/heyitanghotelshanghai.com\/wp-content\/uploads\/2025\/03\/reservation.jpg\" class=\"attachment-full size-full wp-image-5704\" alt=\"\" srcset=\"https:\/\/heyitanghotelshanghai.com\/wp-content\/uploads\/2025\/03\/reservation.jpg 640w, https:\/\/heyitanghotelshanghai.com\/wp-content\/uploads\/2025\/03\/reservation-225x300.jpg 225w\" sizes=\"(max-width: 640px) 100vw, 640px\" \/>\t\t\t\t\t\t\t\t\t\t\t\t\t\t\t<\/div>\n\t\t\t\t<\/div>\n\t\t\t\t\t<\/div>\n\t\t<\/div>\n\t\t\t\t\t<\/div>\n\t\t<\/section>\n\t\t\t\t<section class=\"elementor-section elementor-top-section elementor-element elementor-element-29fb8578 elementor-section-height-min-height elementor-section-stretched elementor-section-full_width elementor-section-items-stretch elementor-section-height-default elementor-section-column-vertical-align-stretch\" data-id=\"29fb8578\" data-element_type=\"section\" data-e-type=\"section\" data-settings=\"{&quot;stretch_section&quot;:&quot;section-stretched&quot;}\">\n\t\t\t\t\t\t<div class=\"elementor-container elementor-column-gap-no\">\n\t\t\t\t\t<div class=\"elementor-column elementor-col-50 elementor-top-column elementor-element elementor-element-40ac270b\" data-id=\"40ac270b\" data-element_type=\"column\" data-e-type=\"column\">\n\t\t\t<div class=\"elementor-widget-wrap elementor-element-populated\">\n\t\t\t\t\t\t<div class=\"elementor-element elementor-element-20872773 elementor-widget__width-initial elementor-widget-mobile__width-inherit elementor-invisible nuss-elementor-loading nuss-slide-in-right elementor-widget elementor-widget-image\" data-id=\"20872773\" data-element_type=\"widget\" data-e-type=\"widget\" data-settings=\"{&quot;_animation&quot;:&quot;nussSlideInRight&quot;}\" data-widget_type=\"image.default\">\n\t\t\t\t<div class=\"elementor-widget-container\">\n\t\t\t\t\t\t\t\t\t\t\t\t\t\t\t<img decoding=\"async\" width=\"320\" height=\"213\" src=\"https:\/\/heyitanghotelshanghai.com\/wp-content\/uploads\/2025\/03\/Heyitang-Hotel-Shanghai-International-Tourism-Resort-Restaurant-6.webp\" class=\"attachment-full size-full wp-image-5640\" alt=\"\" srcset=\"https:\/\/heyitanghotelshanghai.com\/wp-content\/uploads\/2025\/03\/Heyitang-Hotel-Shanghai-International-Tourism-Resort-Restaurant-6.webp 320w, https:\/\/heyitanghotelshanghai.com\/wp-content\/uploads\/2025\/03\/Heyitang-Hotel-Shanghai-International-Tourism-Resort-Restaurant-6-300x200.webp 300w\" sizes=\"(max-width: 320px) 100vw, 320px\" \/>\t\t\t\t\t\t\t\t\t\t\t\t\t\t\t<\/div>\n\t\t\t\t<\/div>\n\t\t\t\t\t<\/div>\n\t\t<\/div>\n\t\t\t\t<div class=\"elementor-column elementor-col-50 elementor-top-column elementor-element elementor-element-2dac103\" data-id=\"2dac103\" data-element_type=\"column\" data-e-type=\"column\">\n\t\t\t<div class=\"elementor-widget-wrap elementor-element-populated\">\n\t\t\t\t\t\t<div class=\"elementor-element elementor-element-7df0054f elementor-invisible elementor-widget elementor-widget-nuss-heading\" data-id=\"7df0054f\" data-element_type=\"widget\" data-e-type=\"widget\" data-settings=\"{&quot;_animation&quot;:&quot;nussFadeInUp&quot;}\" data-widget_type=\"nuss-heading.default\">\n\t\t\t\t<div class=\"elementor-widget-container\">\n\t\t\t\t\t\t\t<div class=\"nuss-modern-heading\">\r\n\t\t\t\r\n\t\t\t\t\t\t<div class=\"heading-primary-wrap\">\r\n\t\t\t\t<h4 class=\"heading-primary elementor-heading-title\">Standort<\/h4>\t\t\t<\/div>\r\n\t\t\r\n\t\t\t\t\t\t<div class=\"heading-divider-wrap\">\r\n\t\t\t\t<div class=\"heading-divider\" style=\"left: 0px;top: 6px\"><\/div>\r\n\t\t\t<\/div>\r\n\t\r\n\t\t\t\t\t<\/div>\r\n\t\t\t\t\t<\/div>\n\t\t\t\t<\/div>\n\t\t\t\t<div class=\"elementor-element elementor-element-1ab88d95 elementor-invisible elementor-widget elementor-widget-heading\" data-id=\"1ab88d95\" data-element_type=\"widget\" data-e-type=\"widget\" data-settings=\"{&quot;_animation&quot;:&quot;nussFadeInUp&quot;}\" data-widget_type=\"heading.default\">\n\t\t\t\t<div class=\"elementor-widget-container\">\n\t\t\t\t\t<h3 class=\"elementor-heading-title elementor-size-default\">Am Puls der Entdeckung\n<\/h3>\t\t\t\t<\/div>\n\t\t\t\t<\/div>\n\t\t\t\t<div class=\"elementor-element elementor-element-6f1b8966 elementor-invisible elementor-widget elementor-widget-text-editor\" data-id=\"6f1b8966\" data-element_type=\"widget\" data-e-type=\"widget\" data-settings=\"{&quot;_animation&quot;:&quot;nussFadeInUp&quot;}\" data-widget_type=\"text-editor.default\">\n\t\t\t\t<div class=\"elementor-widget-container\">\n\t\t\t\t\t\t\t\t\t<p>Das Heyitang Hotel liegt nur 500 Meter von den skurrilen Toren des Shanghai Disneyland und eine kurze Fahrt von Pudongs gesch\u00e4ftigen Innovationszentren entfernt und ist ein strategischer Ausgangspunkt f\u00fcr Entdecker. Das Hotel <strong>Entdeckungs-Concierge<\/strong> Das Team stellt ma\u00dfgeschneiderte Reisepl\u00e4ne zusammen \u2013 sei es VIP-Zugang zu Disneys After-Hour-Events, die Organisation privater Touren durch die Kan\u00e4le aus der Ming-Zeit in der nahegelegenen Altstadt von Qibao oder die Organisation von Hubschrauberfl\u00fcgen \u00fcber die neonbeleuchtete Skyline von Lujiazui. Ein eigener Shuttleservice sorgt f\u00fcr m\u00fchelose Verbindungen, w\u00e4hrend der Infinity-Pool auf dem Dach des Hotels einen surrealen Aussichtspunkt bietet, um Disneys Feuerwerk zu beobachten, das den Nachthimmel erhellt.<\/p>\t\t\t\t\t\t\t\t<\/div>\n\t\t\t\t<\/div>\n\t\t\t\t\t<\/div>\n\t\t<\/div>\n\t\t\t\t\t<\/div>\n\t\t<\/section>\n\t\t\t\t<section class=\"elementor-section elementor-top-section elementor-element elementor-element-72f42d0 elementor-section-height-min-height elementor-section-stretched elementor-section-full_width elementor-section-items-stretch elementor-section-height-default elementor-section-column-vertical-align-stretch\" data-id=\"72f42d0\" data-element_type=\"section\" data-e-type=\"section\" data-settings=\"{&quot;stretch_section&quot;:&quot;section-stretched&quot;}\">\n\t\t\t\t\t\t<div class=\"elementor-container elementor-column-gap-no\">\n\t\t\t\t\t<div class=\"elementor-column elementor-col-50 elementor-top-column elementor-element elementor-element-dff2c20\" data-id=\"dff2c20\" data-element_type=\"column\" data-e-type=\"column\">\n\t\t\t<div class=\"elementor-widget-wrap elementor-element-populated\">\n\t\t\t\t\t\t<div class=\"elementor-element elementor-element-1622e47 elementor-invisible elementor-widget elementor-widget-nuss-heading\" data-id=\"1622e47\" data-element_type=\"widget\" data-e-type=\"widget\" data-settings=\"{&quot;_animation&quot;:&quot;nussFadeInUp&quot;}\" data-widget_type=\"nuss-heading.default\">\n\t\t\t\t<div class=\"elementor-widget-container\">\n\t\t\t\t\t\t\t<div class=\"nuss-modern-heading\">\r\n\t\t\t\r\n\t\t\t\t\t\t<div class=\"heading-primary-wrap\">\r\n\t\t\t\t<h4 class=\"heading-primary elementor-heading-title\">Standort<\/h4>\t\t\t<\/div>\r\n\t\t\r\n\t\t\t\t\t\t<div class=\"heading-divider-wrap\">\r\n\t\t\t\t<div class=\"heading-divider\" style=\"left: 0px;top: 6px\"><\/div>\r\n\t\t\t<\/div>\r\n\t\r\n\t\t\t\t\t<\/div>\r\n\t\t\t\t\t<\/div>\n\t\t\t\t<\/div>\n\t\t\t\t<div class=\"elementor-element elementor-element-4c391cd elementor-invisible elementor-widget elementor-widget-heading\" data-id=\"4c391cd\" data-element_type=\"widget\" data-e-type=\"widget\" data-settings=\"{&quot;_animation&quot;:&quot;nussFadeInUp&quot;}\" data-widget_type=\"heading.default\">\n\t\t\t\t<div class=\"elementor-widget-container\">\n\t\t\t\t\t<h3 class=\"elementor-heading-title elementor-size-default\">Erlebnisse f\u00fcr jeden Reisenden\n<\/h3>\t\t\t\t<\/div>\n\t\t\t\t<\/div>\n\t\t\t\t<div class=\"elementor-element elementor-element-7249838 elementor-invisible elementor-widget elementor-widget-text-editor\" data-id=\"7249838\" data-element_type=\"widget\" data-e-type=\"widget\" data-settings=\"{&quot;_animation&quot;:&quot;nussFadeInUp&quot;}\" data-widget_type=\"text-editor.default\">\n\t\t\t\t<div class=\"elementor-widget-container\">\n\t\t\t\t\t\t\t\t\t<ul><li><strong>F\u00fcr Familien<\/strong>: Der\u00a0<em>Kinderclub \u201eEnchanted Garden\u201c<\/em>\u00a0Kinder k\u00f6nnen an interaktiven Geschichtenerz\u00e4hlstunden und traditionellen Handwerksworkshops teilnehmen, von der Laternenherstellung bis zur Kalligraphie, w\u00e4hrend die Eltern sich im nur f\u00fcr Erwachsene zug\u00e4nglichen\u00a0<em>Jade Serenity Lounge<\/em>.<\/li><li><strong>F\u00fcr Paare<\/strong>: Der\u00a0<em>Mondbeleuchteter Pavillon<\/em>\u00a0bietet privates Essen unter einem Baldachin aus leuchtenden Papierlaternen, gefolgt von einer kuratierten\u00a0<em>\u201eSternenlicht-Romanze\u201c<\/em>\u00a0Paket mit Tai-Chi-Sitzungen f\u00fcr Paare im Morgengrauen.<\/li><li><strong>F\u00fcr Kulturbegeisterte<\/strong>: W\u00f6chentlich\u00a0<em>\u201eJiangnan-Immersion\u201c<\/em>\u00a0Zu den Programmen geh\u00f6ren Vorf\u00fchrungen zur Seidenweberei durch \u00f6rtliche Handwerker und gef\u00fchrte Teeproben mit seltenen Pu-Erh-Jahrg\u00e4ngen.<\/li><\/ul>\t\t\t\t\t\t\t\t<\/div>\n\t\t\t\t<\/div>\n\t\t\t\t\t<\/div>\n\t\t<\/div>\n\t\t\t\t<div class=\"elementor-column elementor-col-50 elementor-top-column elementor-element elementor-element-3295596\" data-id=\"3295596\" data-element_type=\"column\" data-e-type=\"column\">\n\t\t\t<div class=\"elementor-widget-wrap elementor-element-populated\">\n\t\t\t\t\t\t<div class=\"elementor-element elementor-element-55a248e elementor-widget__width-initial elementor-widget-mobile__width-inherit elementor-invisible nuss-elementor-loading nuss-slide-in-right elementor-widget elementor-widget-image\" data-id=\"55a248e\" data-element_type=\"widget\" data-e-type=\"widget\" data-settings=\"{&quot;_animation&quot;:&quot;nussSlideInRight&quot;}\" data-widget_type=\"image.default\">\n\t\t\t\t<div class=\"elementor-widget-container\">\n\t\t\t\t\t\t\t\t\t\t\t\t\t\t\t<img decoding=\"async\" width=\"1233\" height=\"853\" src=\"https:\/\/heyitanghotelshanghai.com\/wp-content\/uploads\/2021\/06\/Lotus-Pond-Moonlight-Executive-Double-Bed-Room.webp\" class=\"attachment-full size-full wp-image-5598\" alt=\"\" srcset=\"https:\/\/heyitanghotelshanghai.com\/wp-content\/uploads\/2021\/06\/Lotus-Pond-Moonlight-Executive-Double-Bed-Room.webp 1233w, https:\/\/heyitanghotelshanghai.com\/wp-content\/uploads\/2021\/06\/Lotus-Pond-Moonlight-Executive-Double-Bed-Room-300x208.webp 300w, https:\/\/heyitanghotelshanghai.com\/wp-content\/uploads\/2021\/06\/Lotus-Pond-Moonlight-Executive-Double-Bed-Room-1024x708.webp 1024w, https:\/\/heyitanghotelshanghai.com\/wp-content\/uploads\/2021\/06\/Lotus-Pond-Moonlight-Executive-Double-Bed-Room-768x531.webp 768w\" sizes=\"(max-width: 1233px) 100vw, 1233px\" \/>\t\t\t\t\t\t\t\t\t\t\t\t\t\t\t<\/div>\n\t\t\t\t<\/div>\n\t\t\t\t\t<\/div>\n\t\t<\/div>\n\t\t\t\t\t<\/div>\n\t\t<\/section>\n\t\t\t\t<section class=\"elementor-section elementor-top-section elementor-element elementor-element-fb879b7 elementor-section-height-min-height elementor-section-stretched elementor-section-full_width elementor-section-items-stretch elementor-section-height-default elementor-section-column-vertical-align-stretch\" data-id=\"fb879b7\" data-element_type=\"section\" data-e-type=\"section\" data-settings=\"{&quot;stretch_section&quot;:&quot;section-stretched&quot;}\">\n\t\t\t\t\t\t<div class=\"elementor-container elementor-column-gap-no\">\n\t\t\t\t\t<div class=\"elementor-column elementor-col-50 elementor-top-column elementor-element elementor-element-3e6b76f\" data-id=\"3e6b76f\" data-element_type=\"column\" data-e-type=\"column\">\n\t\t\t<div class=\"elementor-widget-wrap elementor-element-populated\">\n\t\t\t\t\t\t<div class=\"elementor-element elementor-element-059c394 elementor-widget__width-initial elementor-widget-mobile__width-inherit elementor-invisible nuss-elementor-loading nuss-slide-in-right elementor-widget elementor-widget-image\" data-id=\"059c394\" data-element_type=\"widget\" data-e-type=\"widget\" data-settings=\"{&quot;_animation&quot;:&quot;nussSlideInRight&quot;}\" data-widget_type=\"image.default\">\n\t\t\t\t<div class=\"elementor-widget-container\">\n\t\t\t\t\t\t\t\t\t\t\t\t\t\t\t<img loading=\"lazy\" decoding=\"async\" width=\"1280\" height=\"853\" src=\"https:\/\/heyitanghotelshanghai.com\/wp-content\/uploads\/2025\/03\/Heyitang-Hotel-Shanghai-International-Tourism-Resort-front.jpg\" class=\"attachment-full size-full wp-image-5701\" alt=\"\" srcset=\"https:\/\/heyitanghotelshanghai.com\/wp-content\/uploads\/2025\/03\/Heyitang-Hotel-Shanghai-International-Tourism-Resort-front.jpg 1280w, https:\/\/heyitanghotelshanghai.com\/wp-content\/uploads\/2025\/03\/Heyitang-Hotel-Shanghai-International-Tourism-Resort-front-300x200.jpg 300w, https:\/\/heyitanghotelshanghai.com\/wp-content\/uploads\/2025\/03\/Heyitang-Hotel-Shanghai-International-Tourism-Resort-front-1024x682.jpg 1024w, https:\/\/heyitanghotelshanghai.com\/wp-content\/uploads\/2025\/03\/Heyitang-Hotel-Shanghai-International-Tourism-Resort-front-768x512.jpg 768w\" sizes=\"(max-width: 1280px) 100vw, 1280px\" \/>\t\t\t\t\t\t\t\t\t\t\t\t\t\t\t<\/div>\n\t\t\t\t<\/div>\n\t\t\t\t\t<\/div>\n\t\t<\/div>\n\t\t\t\t<div class=\"elementor-column elementor-col-50 elementor-top-column elementor-element elementor-element-4762867\" data-id=\"4762867\" data-element_type=\"column\" data-e-type=\"column\">\n\t\t\t<div class=\"elementor-widget-wrap elementor-element-populated\">\n\t\t\t\t\t\t<div class=\"elementor-element elementor-element-28e63a2 elementor-invisible elementor-widget elementor-widget-nuss-heading\" data-id=\"28e63a2\" data-element_type=\"widget\" data-e-type=\"widget\" data-settings=\"{&quot;_animation&quot;:&quot;nussFadeInUp&quot;}\" data-widget_type=\"nuss-heading.default\">\n\t\t\t\t<div class=\"elementor-widget-container\">\n\t\t\t\t\t\t\t<div class=\"nuss-modern-heading\">\r\n\t\t\t\r\n\t\t\t\t\t\t<div class=\"heading-primary-wrap\">\r\n\t\t\t\t<h4 class=\"heading-primary elementor-heading-title\">Nachhaltigkeit<\/h4>\t\t\t<\/div>\r\n\t\t\r\n\t\t\t\t\t\t<div class=\"heading-divider-wrap\">\r\n\t\t\t\t<div class=\"heading-divider\" style=\"left: 0px;top: 6px\"><\/div>\r\n\t\t\t<\/div>\r\n\t\r\n\t\t\t\t\t<\/div>\r\n\t\t\t\t\t<\/div>\n\t\t\t\t<\/div>\n\t\t\t\t<div class=\"elementor-element elementor-element-a246e3e elementor-invisible elementor-widget elementor-widget-heading\" data-id=\"a246e3e\" data-element_type=\"widget\" data-e-type=\"widget\" data-settings=\"{&quot;_animation&quot;:&quot;nussFadeInUp&quot;}\" data-widget_type=\"heading.default\">\n\t\t\t\t<div class=\"elementor-widget-container\">\n\t\t\t\t\t<h3 class=\"elementor-heading-title elementor-size-default\">Luxus mit Gewissen\n<\/h3>\t\t\t\t<\/div>\n\t\t\t\t<\/div>\n\t\t\t\t<div class=\"elementor-element elementor-element-6944b2f elementor-invisible elementor-widget elementor-widget-text-editor\" data-id=\"6944b2f\" data-element_type=\"widget\" data-e-type=\"widget\" data-settings=\"{&quot;_animation&quot;:&quot;nussFadeInUp&quot;}\" data-widget_type=\"text-editor.default\">\n\t\t\t\t<div class=\"elementor-widget-container\">\n\t\t\t\t\t\t\t\t\t<p>Das Heyitang Hotel ist ein Vorreiter umweltbewusster Gastfreundschaft, ohne dabei auf Luxus zu verzichten. Solarbeheizte B\u00f6den w\u00e4rmen die Thermalsuiten des Spas, w\u00e4hrend die vertikalen G\u00e4rten auf dem Dach \u2013 voll mit einheimischen Pfingstrosen und Chrysanthemen \u2013 gleichzeitig als st\u00e4dtische Luftreiniger dienen. Die Speisekarten legen den Schwerpunkt auf hyperlokale Partnerschaften, wie etwa Bio-Reis von der Insel Chongming und Freilandgefl\u00fcgel von Zhejiang-Farmen, und Einwegplastik wird durch biologisch abbaubare Alternativen aus Bambus ersetzt.<\/p>\t\t\t\t\t\t\t\t<\/div>\n\t\t\t\t<\/div>\n\t\t\t\t\t<\/div>\n\t\t<\/div>\n\t\t\t\t\t<\/div>\n\t\t<\/section>\n\t\t<div class=\"elementor-element elementor-element-041ca93 e-flex e-con-boxed e-con e-parent\" data-id=\"041ca93\" data-element_type=\"container\" data-e-type=\"container\">\n\t\t\t\t\t<div class=\"e-con-inner\">\n\t\t\t\t<div class=\"elementor-element elementor-element-d2b032f elementor-widget elementor-widget-text-editor\" data-id=\"d2b032f\" data-element_type=\"widget\" data-e-type=\"widget\" data-widget_type=\"text-editor.default\">\n\t\t\t\t<div class=\"elementor-widget-container\">\n\t\t\t\t\t\t\t\t\t<div class=\"markdown-SpwdOz __markdown\" dir=\"auto\"><p><strong>Heyitang Hotel Shanghai International Tourism Resort<\/strong> ist nicht nur ein Ort zum \u00dcbernachten \u2013 es ist eine Geschichte, die aus Innovation, Tradition und pers\u00f6nlichem Staunen gewoben ist. Hier koexistieren der Nervenkitzel des Abenteuers und die Ruhe der Besinnung und laden G\u00e4ste ein, ihr eigenes Kapitel in der Geschichte Shanghais zu schreiben. Ob Sie hier sind, um im Morgengrauen Tr\u00e4ume zu verfolgen oder Ruhe im Sturm zu finden, hier werden Erinnerungen zu Verm\u00e4chtnissen geformt.<\/p><\/div>\t\t\t\t\t\t\t\t<\/div>\n\t\t\t\t<\/div>\n\t\t\t\t\t<\/div>\n\t\t\t\t<\/div>\n\t\t<div class=\"elementor-element elementor-element-7e936fc e-flex e-con-boxed e-con e-parent\" data-id=\"7e936fc\" data-element_type=\"container\" data-e-type=\"container\">\n\t\t\t\t\t<div class=\"e-con-inner\">\n\t\t\t\t<div class=\"elementor-element elementor-element-3f2d8820 elementor-widget elementor-widget-heading\" data-id=\"3f2d8820\" data-element_type=\"widget\" data-e-type=\"widget\" data-widget_type=\"heading.default\">\n\t\t\t\t<div class=\"elementor-widget-container\">\n\t\t\t\t\t<h2 class=\"elementor-heading-title elementor-size-default\">Verf\u00fcgbarkeit pr\u00fcfen<\/h2>\t\t\t\t<\/div>\n\t\t\t\t<\/div>\n\t\t\t\t<div class=\"elementor-element elementor-element-6c1f9efe elementor-widget elementor-widget-text-editor\" data-id=\"6c1f9efe\" data-element_type=\"widget\" data-e-type=\"widget\" data-widget_type=\"text-editor.default\">\n\t\t\t\t<div class=\"elementor-widget-container\">\n\t\t\t\t\t\t\t\t\t<iframe border=\"0\" src=\"https:\/\/www.trip.com\/partners\/ad\/S1874637?Allianceid=5415915&#038;SID=175281933&#038;trip_sub1=\" style=\"width:900px;height:200px\" frameborder=\"0\" scrolling=\"no\" id=\"S1874637\"><\/iframe>\t\t\t\t\t\t\t\t<\/div>\n\t\t\t\t<\/div>\n\t\t\t\t\t<\/div>\n\t\t\t\t<\/div>\n\t\t\t\t<\/div>","protected":false},"excerpt":{"rendered":"<p>Nestled at the crossroads of imagination and tradition, Heyitang Hotel Shanghai International Tourism Resort redefines luxury hospitality as a gateway to both the magic of Shanghai Disneyland and the soulful serenity of Jiangnan culture. More than a hotel, it is a meticulously crafted universe where every detail\u2014from the curvature of its rooftop pagoda-inspired architecture to [&hellip;]<\/p>\n","protected":false},"author":1,"featured_media":0,"parent":0,"menu_order":0,"comment_status":"closed","ping_status":"closed","template":"","meta":{"footnotes":""},"class_list":["post-5266","page","type-page","status-publish","hentry","post-no-thumbnail"],"_links":{"self":[{"href":"https:\/\/heyitanghotelshanghai.com\/de\/wp-json\/wp\/v2\/pages\/5266","targetHints":{"allow":["GET"]}}],"collection":[{"href":"https:\/\/heyitanghotelshanghai.com\/de\/wp-json\/wp\/v2\/pages"}],"about":[{"href":"https:\/\/heyitanghotelshanghai.com\/de\/wp-json\/wp\/v2\/types\/page"}],"author":[{"embeddable":true,"href":"https:\/\/heyitanghotelshanghai.com\/de\/wp-json\/wp\/v2\/users\/1"}],"replies":[{"embeddable":true,"href":"https:\/\/heyitanghotelshanghai.com\/de\/wp-json\/wp\/v2\/comments?post=5266"}],"version-history":[{"count":0,"href":"https:\/\/heyitanghotelshanghai.com\/de\/wp-json\/wp\/v2\/pages\/5266\/revisions"}],"wp:attachment":[{"href":"https:\/\/heyitanghotelshanghai.com\/de\/wp-json\/wp\/v2\/media?parent=5266"}],"curies":[{"name":"wp","href":"https:\/\/api.w.org\/{rel}","templated":true}]}}